{"id":109,"date":"2017-06-19T17:00:59","date_gmt":"2017-06-19T15:00:59","guid":{"rendered":"http:\/\/www.versionbeta26.com\/?page_id=109"},"modified":"2017-12-14T15:03:07","modified_gmt":"2017-12-14T14:03:07","slug":"hotelleries-et-restaurant","status":"publish","type":"page","link":"https:\/\/interieur3d.com\/index.php\/pour-qui\/hotelleries-et-restaurant\/","title":{"rendered":"H\u00f4telleries et restaurants"},"content":{"rendered":"<div id=\"pl-109\"  class=\"panel-layout\" ><div id=\"pg-109-0\"  class=\"panel-grid panel-has-style\" ><div class=\"bg-header siteorigin-panels-stretch panel-row-style panel-row-style-for-109-0\" style=\"background-image: url(https:\/\/interieur3d.com\/wp-content\/uploads\/2017\/06\/Fotolia_37522566_L.jpg);padding: 3% 0; \" data-stretch-type=\"full\" data-hasbg=\"hasbg\" data-overlay=\"true\" data-overlay-color=\"#9e7858\" ><div id=\"pgc-109-0-0\"  class=\"panel-grid-cell\" ><div id=\"panel-109-0-0-0\" class=\"so-panel widget widget_sow-editor panel-first-child panel-last-child\" data-index=\"0\" ><div style=\"text-align: left;\" data-title-color=\"#443f3f\" data-headings-color=\"#ffffff\" class=\"panel-widget-style panel-widget-style-for-109-0-0-0\" ><div\n\t\t\t\n\t\t\tclass=\"so-widget-sow-editor so-widget-sow-editor-base\"\n\t\t\t\n\t\t>\n<div class=\"siteorigin-widget-tinymce textwidget\">\n\t<h1><img loading=\"lazy\" decoding=\"async\" class=\"alignnone wp-image-396\" src=\"https:\/\/interieur3d.com\/wp-content\/uploads\/2017\/08\/ico-hotel.png\" alt=\"\" width=\"60\" height=\"55\" style=\"padding-right:10px;vertical-align:bottom\"\/>H\u00f4telleries, Restaurant, chambres d\u2019h\u00f4tes<\/h1>\n<h2>Pr\u00e9sentez et proposez votre \u00e9tablissement \u00e0 vos futurs clients en visite virtuelle int\u00e9rieur 3D la plus immersive et r\u00e9aliste.<\/h2>\n<\/div>\n<\/div><\/div><\/div><\/div><\/div><\/div><div id=\"pg-109-1\"  class=\"panel-grid panel-has-style\" ><div style=\"padding: 20px 0; \" data-overlay=\"true\" data-overlay-color=\"#000000\" class=\"panel-row-style panel-row-style-for-109-1\" ><div id=\"pgc-109-1-0\"  class=\"panel-grid-cell\" ><div id=\"panel-109-1-0-0\" class=\"so-panel widget widget_sow-editor panel-first-child panel-last-child\" data-index=\"1\" ><div style=\"text-align: left;\" data-title-color=\"#443f3f\" data-headings-color=\"#443f3f\" class=\"panel-widget-style panel-widget-style-for-109-1-0-0\" ><div\n\t\t\t\n\t\t\tclass=\"so-widget-sow-editor so-widget-sow-editor-base\"\n\t\t\t\n\t\t>\n<div class=\"siteorigin-widget-tinymce textwidget\">\n\t<h3 style=\"text-align: center;\"><strong><span style=\"color: #9e7858;\">AVANTAGES<\/span><\/strong><\/h3>\n<\/div>\n<\/div><\/div><\/div><\/div><\/div><\/div><div id=\"pg-109-2\"  class=\"panel-grid panel-has-style\" ><div class=\"siteorigin-panels-stretch panel-row-style panel-row-style-for-109-2\" style=\"text-align: center;padding: 40px 0; \" data-stretch-type=\"full\" data-overlay-color=\"#000000\" ><div id=\"pgc-109-2-0\"  class=\"panel-grid-cell\" ><div id=\"panel-109-2-0-0\" class=\"so-panel widget widget_sow-editor panel-first-child panel-last-child\" data-index=\"2\" ><div style=\"text-align: center;\" data-title-color=\"#443f3f\" data-headings-color=\"#443f3f\" class=\"panel-widget-style panel-widget-style-for-109-2-0-0\" ><div\n\t\t\t\n\t\t\tclass=\"so-widget-sow-editor so-widget-sow-editor-base\"\n\t\t\t\n\t\t>\n<div class=\"siteorigin-widget-tinymce textwidget\">\n\t<p><img loading=\"lazy\" decoding=\"async\" class=\"alignnone size-full wp-image-146 aligncenter\" src=\"https:\/\/interieur3d.com\/wp-content\/uploads\/2017\/06\/medal.png\" alt=\"\" width=\"128\" height=\"128\" \/><\/p>\n<p>&nbsp;<\/p>\n<p style=\"text-align: center;\">j\u2019apporte un service innovant de qualit\u00e9<br \/>\nje me d\u00e9marque de la concurrence<br \/>\nje pr\u00e9sente mon \u00e9tablissement en toute transparence<br \/>\nje fid\u00e9lise la client\u00e8le<\/p>\n<\/div>\n<\/div><\/div><\/div><\/div><div id=\"pgc-109-2-1\"  class=\"panel-grid-cell\" ><div id=\"panel-109-2-1-0\" class=\"so-panel widget widget_sow-editor panel-first-child panel-last-child\" data-index=\"3\" ><div style=\"text-align: center;\" data-title-color=\"#443f3f\" data-headings-color=\"#443f3f\" class=\"panel-widget-style panel-widget-style-for-109-2-1-0\" ><div\n\t\t\t\n\t\t\tclass=\"so-widget-sow-editor so-widget-sow-editor-base\"\n\t\t\t\n\t\t>\n<div class=\"siteorigin-widget-tinymce textwidget\">\n\t<p><img loading=\"lazy\" decoding=\"async\" class=\"wp-image-145 size-full aligncenter\" src=\"https:\/\/interieur3d.com\/wp-content\/uploads\/2017\/06\/cup.png\" alt=\"\" width=\"128\" height=\"128\" \/><\/p>\n<p>&nbsp;<\/p>\n<p style=\"text-align: center;\">je gagne en notori\u00e9t\u00e9<br \/>\nje gagne du temps<br \/>\nje gagne en parts de march\u00e9<br \/>\nje gagne en satisfaction clients<\/p>\n<\/div>\n<\/div><\/div><\/div><\/div><div id=\"pgc-109-2-2\"  class=\"panel-grid-cell\" ><div id=\"panel-109-2-2-0\" class=\"so-panel widget widget_sow-editor panel-first-child panel-last-child\" data-index=\"4\" ><div style=\"text-align: center;\" data-title-color=\"#443f3f\" data-headings-color=\"#443f3f\" class=\"panel-widget-style panel-widget-style-for-109-2-2-0\" ><div\n\t\t\t\n\t\t\tclass=\"so-widget-sow-editor so-widget-sow-editor-base\"\n\t\t\t\n\t\t>\n<div class=\"siteorigin-widget-tinymce textwidget\">\n\t<p><img loading=\"lazy\" decoding=\"async\" class=\"wp-image-147 size-full aligncenter\" src=\"https:\/\/interieur3d.com\/wp-content\/uploads\/2017\/06\/profits.png\" alt=\"\" width=\"128\" height=\"128\" \/><\/p>\n<p>&nbsp;<\/p>\n<p style=\"text-align: center;\">je d\u00e9veloppe mon service commercial<br \/>\n je r\u00e9alise plus de chiffre d\u2019affaires<br \/>\nj\u2019augmente ma tr\u00e9sorerie<br \/>\nje p\u00e9r\u00e9nise mon entreprise<\/p>\n<\/div>\n<\/div><\/div><\/div><\/div><\/div><\/div><\/div>","protected":false},"excerpt":{"rendered":"<p>H\u00f4telleries, Restaurant, chambres d\u2019h\u00f4tes Pr\u00e9sentez et proposez votre \u00e9tablissement \u00e0 vos futurs clients en visite virtuelle int\u00e9rieur 3D la plus immersive et r\u00e9aliste. AVANTAGES<\/p>\n","protected":false},"author":1,"featured_media":0,"parent":25,"menu_order":0,"comment_status":"closed","ping_status":"closed","template":"page-templates\/page_front-page.php","meta":{"_exactmetrics_skip_tracking":false,"_exactmetrics_sitenote_active":false,"_exactmetrics_sitenote_note":"","_exactmetrics_sitenote_category":0,"footnotes":""},"_links":{"self":[{"href":"https:\/\/interieur3d.com\/index.php\/wp-json\/wp\/v2\/pages\/109"}],"collection":[{"href":"https:\/\/interieur3d.com\/index.php\/wp-json\/wp\/v2\/pages"}],"about":[{"href":"https:\/\/interieur3d.com\/index.php\/wp-json\/wp\/v2\/types\/page"}],"author":[{"embeddable":true,"href":"https:\/\/interieur3d.com\/index.php\/wp-json\/wp\/v2\/users\/1"}],"replies":[{"embeddable":true,"href":"https:\/\/interieur3d.com\/index.php\/wp-json\/wp\/v2\/comments?post=109"}],"version-history":[{"count":11,"href":"https:\/\/interieur3d.com\/index.php\/wp-json\/wp\/v2\/pages\/109\/revisions"}],"predecessor-version":[{"id":426,"href":"https:\/\/interieur3d.com\/index.php\/wp-json\/wp\/v2\/pages\/109\/revisions\/426"}],"up":[{"embeddable":true,"href":"https:\/\/interieur3d.com\/index.php\/wp-json\/wp\/v2\/pages\/25"}],"wp:attachment":[{"href":"https:\/\/interieur3d.com\/index.php\/wp-json\/wp\/v2\/media?parent=109"}],"curies":[{"name":"wp","href":"https:\/\/api.w.org\/{rel}","templated":true}]}}