{"id":112,"date":"2017-06-19T17:10:04","date_gmt":"2017-06-19T15:10:04","guid":{"rendered":"http:\/\/www.versionbeta26.com\/?page_id=112"},"modified":"2017-08-25T10:41:37","modified_gmt":"2017-08-25T08:41:37","slug":"commercesmagasinsboutiques","status":"publish","type":"page","link":"https:\/\/interieur3d.com\/index.php\/pour-qui\/commercesmagasinsboutiques\/","title":{"rendered":"Commerces\/Magasins\/Boutiques"},"content":{"rendered":"<div id=\"pl-112\"  class=\"panel-layout\" ><div id=\"pg-112-0\"  class=\"panel-grid panel-has-style\" ><div class=\"bg-header siteorigin-panels-stretch panel-row-style panel-row-style-for-112-0\" style=\"background-image: url(https:\/\/interieur3d.com\/wp-content\/uploads\/2017\/06\/Fotolia_1580390_L.jpg);padding: 3% 0; \" data-stretch-type=\"full\" data-hasbg=\"hasbg\" data-overlay=\"true\" data-overlay-color=\"#9e7858\" ><div id=\"pgc-112-0-0\"  class=\"panel-grid-cell\" ><div id=\"panel-112-0-0-0\" class=\"so-panel widget widget_sow-editor panel-first-child panel-last-child\" data-index=\"0\" ><div style=\"text-align: left;\" data-title-color=\"#443f3f\" data-headings-color=\"#ffffff\" class=\"panel-widget-style panel-widget-style-for-112-0-0-0\" ><div\n\t\t\t\n\t\t\tclass=\"so-widget-sow-editor so-widget-sow-editor-base\"\n\t\t\t\n\t\t>\n<div class=\"siteorigin-widget-tinymce textwidget\">\n\t<h1><img loading=\"lazy\" decoding=\"async\" class=\"alignnone wp-image-394\" style=\"padding-right: 10px; vertical-align: bottom;\" src=\"https:\/\/interieur3d.com\/wp-content\/uploads\/2017\/08\/ico-boutique.png\" alt=\"\" width=\"60\" height=\"55\" \/>Commerces\/ Magasins \/ Boutiques<\/h1>\n<h2>Faites connaitre votre lieu commercial \u00e0 vos futurs clients en visite virtuelle int\u00e9rieur 3D, la plus immersive et r\u00e9aliste.<\/h2>\n<\/div>\n<\/div><\/div><\/div><\/div><\/div><\/div><div id=\"pg-112-1\"  class=\"panel-grid panel-has-style\" ><div style=\"padding: 20px 0; \" data-overlay=\"true\" data-overlay-color=\"#000000\" class=\"panel-row-style panel-row-style-for-112-1\" ><div id=\"pgc-112-1-0\"  class=\"panel-grid-cell\" ><div id=\"panel-112-1-0-0\" class=\"so-panel widget widget_sow-editor panel-first-child panel-last-child\" data-index=\"1\" ><div style=\"text-align: left;\" data-title-color=\"#443f3f\" data-headings-color=\"#443f3f\" class=\"panel-widget-style panel-widget-style-for-112-1-0-0\" ><div\n\t\t\t\n\t\t\tclass=\"so-widget-sow-editor so-widget-sow-editor-base\"\n\t\t\t\n\t\t>\n<div class=\"siteorigin-widget-tinymce textwidget\">\n\t<h3 style=\"text-align: center;\"><strong><span style=\"color: #9e7858;\">AVANTAGES<\/span><\/strong><\/h3>\n<\/div>\n<\/div><\/div><\/div><\/div><\/div><\/div><div id=\"pg-112-2\"  class=\"panel-grid panel-has-style\" ><div class=\"siteorigin-panels-stretch panel-row-style panel-row-style-for-112-2\" style=\"text-align: center;padding: 40px 0; \" data-stretch-type=\"full\" data-overlay-color=\"#000000\" ><div id=\"pgc-112-2-0\"  class=\"panel-grid-cell\" ><div id=\"panel-112-2-0-0\" class=\"so-panel widget widget_sow-editor panel-first-child panel-last-child\" data-index=\"2\" ><div style=\"text-align: center;\" data-title-color=\"#443f3f\" data-headings-color=\"#443f3f\" class=\"panel-widget-style panel-widget-style-for-112-2-0-0\" ><div\n\t\t\t\n\t\t\tclass=\"so-widget-sow-editor so-widget-sow-editor-base\"\n\t\t\t\n\t\t>\n<div class=\"siteorigin-widget-tinymce textwidget\">\n\t<p><img loading=\"lazy\" decoding=\"async\" class=\"alignnone size-full wp-image-146 aligncenter\" src=\"https:\/\/interieur3d.com\/wp-content\/uploads\/2017\/06\/medal.png\" alt=\"\" width=\"128\" height=\"128\" \/><\/p>\n<p>&nbsp;<\/p>\n<p style=\"text-align: center;\">j\u2019apporte un service innovant de qualit\u00e9<br \/>\nje me d\u00e9marque de la concurrence<br \/>\nje pr\u00e9sente mon lieu commercial en toute transparence<br \/>\nje fid\u00e9lise la client\u00e8le<\/p>\n<\/div>\n<\/div><\/div><\/div><\/div><div id=\"pgc-112-2-1\"  class=\"panel-grid-cell\" ><div id=\"panel-112-2-1-0\" class=\"so-panel widget widget_sow-editor panel-first-child panel-last-child\" data-index=\"3\" ><div style=\"text-align: center;\" data-title-color=\"#443f3f\" data-headings-color=\"#443f3f\" class=\"panel-widget-style panel-widget-style-for-112-2-1-0\" ><div\n\t\t\t\n\t\t\tclass=\"so-widget-sow-editor so-widget-sow-editor-base\"\n\t\t\t\n\t\t>\n<div class=\"siteorigin-widget-tinymce textwidget\">\n\t<p><img loading=\"lazy\" decoding=\"async\" class=\"wp-image-145 size-full aligncenter\" src=\"https:\/\/interieur3d.com\/wp-content\/uploads\/2017\/06\/cup.png\" alt=\"\" width=\"128\" height=\"128\" \/><\/p>\n<p>&nbsp;<\/p>\n<p style=\"text-align: center;\">je gagne en notori\u00e9t\u00e9<br \/>\nje gagne du temps<br \/>\nje gagne en part de march\u00e9<br \/>\nje gagne en satisfaction clients<\/p>\n<\/div>\n<\/div><\/div><\/div><\/div><div id=\"pgc-112-2-2\"  class=\"panel-grid-cell\" ><div id=\"panel-112-2-2-0\" class=\"so-panel widget widget_sow-editor panel-first-child panel-last-child\" data-index=\"4\" ><div style=\"text-align: center;\" data-title-color=\"#443f3f\" data-headings-color=\"#443f3f\" class=\"panel-widget-style panel-widget-style-for-112-2-2-0\" ><div\n\t\t\t\n\t\t\tclass=\"so-widget-sow-editor so-widget-sow-editor-base\"\n\t\t\t\n\t\t>\n<div class=\"siteorigin-widget-tinymce textwidget\">\n\t<p><img loading=\"lazy\" decoding=\"async\" class=\"wp-image-147 size-full aligncenter\" src=\"https:\/\/interieur3d.com\/wp-content\/uploads\/2017\/06\/profits.png\" alt=\"\" width=\"128\" height=\"128\" \/><\/p>\n<p>&nbsp;<\/p>\n<p style=\"text-align: center;\">je d\u00e9veloppe mon service commercial<br \/>\n je r\u00e9alise plus de chiffre d\u2019affaires<br \/>\nj\u2019augmente ma tr\u00e9sorerie<br \/>\nje p\u00e9rennise mon entreprise<\/p>\n<\/div>\n<\/div><\/div><\/div><\/div><\/div><\/div><\/div>","protected":false},"excerpt":{"rendered":"<p>Commerces\/ Magasins \/ Boutiques Faites connaitre votre lieu commercial \u00e0 vos futurs clients en visite virtuelle int\u00e9rieur 3D, la plus immersive et r\u00e9aliste. AVANTAGES<\/p>\n","protected":false},"author":1,"featured_media":0,"parent":25,"menu_order":0,"comment_status":"closed","ping_status":"closed","template":"page-templates\/page_front-page.php","meta":{"_exactmetrics_skip_tracking":false,"_exactmetrics_sitenote_active":false,"_exactmetrics_sitenote_note":"","_exactmetrics_sitenote_category":0,"footnotes":""},"_links":{"self":[{"href":"https:\/\/interieur3d.com\/index.php\/wp-json\/wp\/v2\/pages\/112"}],"collection":[{"href":"https:\/\/interieur3d.com\/index.php\/wp-json\/wp\/v2\/pages"}],"about":[{"href":"https:\/\/interieur3d.com\/index.php\/wp-json\/wp\/v2\/types\/page"}],"author":[{"embeddable":true,"href":"https:\/\/interieur3d.com\/index.php\/wp-json\/wp\/v2\/users\/1"}],"replies":[{"embeddable":true,"href":"https:\/\/interieur3d.com\/index.php\/wp-json\/wp\/v2\/comments?post=112"}],"version-history":[{"count":7,"href":"https:\/\/interieur3d.com\/index.php\/wp-json\/wp\/v2\/pages\/112\/revisions"}],"predecessor-version":[{"id":409,"href":"https:\/\/interieur3d.com\/index.php\/wp-json\/wp\/v2\/pages\/112\/revisions\/409"}],"up":[{"embeddable":true,"href":"https:\/\/interieur3d.com\/index.php\/wp-json\/wp\/v2\/pages\/25"}],"wp:attachment":[{"href":"https:\/\/interieur3d.com\/index.php\/wp-json\/wp\/v2\/media?parent=112"}],"curies":[{"name":"wp","href":"https:\/\/api.w.org\/{rel}","templated":true}]}}