{"id":116,"date":"2017-06-19T17:11:07","date_gmt":"2017-06-19T15:11:07","guid":{"rendered":"http:\/\/www.versionbeta26.com\/?page_id=116"},"modified":"2017-08-25T10:41:18","modified_gmt":"2017-08-25T08:41:18","slug":"compagnies-et-autres","status":"publish","type":"page","link":"https:\/\/interieur3d.com\/index.php\/pour-qui\/compagnies-et-autres\/","title":{"rendered":"Compagnies et autres"},"content":{"rendered":"<div id=\"pl-116\"  class=\"panel-layout\" ><div id=\"pg-116-0\"  class=\"panel-grid panel-has-style\" ><div class=\"bg-header siteorigin-panels-stretch panel-row-style panel-row-style-for-116-0\" style=\"background-image: url(https:\/\/interieur3d.com\/wp-content\/uploads\/2017\/06\/Fotolia_86198156_XL.jpg);padding: 3% 0; \" data-stretch-type=\"full\" data-hasbg=\"hasbg\" data-overlay=\"true\" data-overlay-color=\"#9e7858\" ><div id=\"pgc-116-0-0\"  class=\"panel-grid-cell\" ><div id=\"panel-116-0-0-0\" class=\"so-panel widget widget_sow-editor panel-first-child panel-last-child\" data-index=\"0\" ><div style=\"text-align: left;\" data-title-color=\"#443f3f\" data-headings-color=\"#ffffff\" class=\"panel-widget-style panel-widget-style-for-116-0-0-0\" ><div\n\t\t\t\n\t\t\tclass=\"so-widget-sow-editor so-widget-sow-editor-base\"\n\t\t\t\n\t\t>\n<div class=\"siteorigin-widget-tinymce textwidget\">\n\t<h1><img loading=\"lazy\" decoding=\"async\" class=\"alignnone wp-image-395\" src=\"https:\/\/interieur3d.com\/wp-content\/uploads\/2017\/08\/ico-companie.png\" alt=\"\" width=\"60\" height=\"55\" style=\"padding-right:10px;vertical-align:bottom\" \/>Compagnies et autres<\/h1>\n<h2>Vos bureaux, locaux, cabinets en visite virtuelle 3D Haute r\u00e9solution int\u00e9gr\u00e9e sur vos sites web de pr\u00e9sentation.<\/h2>\n<\/div>\n<\/div><\/div><\/div><\/div><\/div><\/div><div id=\"pg-116-1\"  class=\"panel-grid panel-has-style\" ><div style=\"padding: 20px 0; \" data-overlay=\"true\" data-overlay-color=\"#000000\" class=\"panel-row-style panel-row-style-for-116-1\" ><div id=\"pgc-116-1-0\"  class=\"panel-grid-cell\" ><div id=\"panel-116-1-0-0\" class=\"so-panel widget widget_sow-editor panel-first-child panel-last-child\" data-index=\"1\" ><div style=\"text-align: left;\" data-title-color=\"#443f3f\" data-headings-color=\"#443f3f\" class=\"panel-widget-style panel-widget-style-for-116-1-0-0\" ><div\n\t\t\t\n\t\t\tclass=\"so-widget-sow-editor so-widget-sow-editor-base\"\n\t\t\t\n\t\t>\n<div class=\"siteorigin-widget-tinymce textwidget\">\n\t<h3 style=\"text-align: center;\"><strong><span style=\"color: #9e7858;\">AVANTAGES<\/span><\/strong><\/h3>\n<\/div>\n<\/div><\/div><\/div><\/div><\/div><\/div><div id=\"pg-116-2\"  class=\"panel-grid panel-has-style\" ><div class=\"siteorigin-panels-stretch panel-row-style panel-row-style-for-116-2\" style=\"text-align: center;padding: 40px 0; \" data-stretch-type=\"full\" data-overlay-color=\"#000000\" ><div id=\"pgc-116-2-0\"  class=\"panel-grid-cell\" ><div id=\"panel-116-2-0-0\" class=\"so-panel widget widget_sow-editor panel-first-child panel-last-child\" data-index=\"2\" ><div style=\"text-align: center;\" data-title-color=\"#443f3f\" data-headings-color=\"#443f3f\" class=\"panel-widget-style panel-widget-style-for-116-2-0-0\" ><div\n\t\t\t\n\t\t\tclass=\"so-widget-sow-editor so-widget-sow-editor-base\"\n\t\t\t\n\t\t>\n<div class=\"siteorigin-widget-tinymce textwidget\">\n\t<p><img loading=\"lazy\" decoding=\"async\" class=\"wp-image-194 size-full aligncenter\" src=\"https:\/\/interieur3d.com\/wp-content\/uploads\/2017\/06\/icon.png\" alt=\"\" width=\"128\" height=\"128\" \/><\/p>\n<p>&nbsp;<\/p>\n<p style=\"text-align: center;\">Communiquez sur vos espaces de travail<br \/>\nDynamisez vos actions<\/p>\n<\/div>\n<\/div><\/div><\/div><\/div><div id=\"pgc-116-2-1\"  class=\"panel-grid-cell\" ><div id=\"panel-116-2-1-0\" class=\"so-panel widget widget_sow-editor panel-first-child panel-last-child\" data-index=\"3\" ><div style=\"text-align: center;\" data-title-color=\"#443f3f\" data-headings-color=\"#443f3f\" class=\"panel-widget-style panel-widget-style-for-116-2-1-0\" ><div\n\t\t\t\n\t\t\tclass=\"so-widget-sow-editor so-widget-sow-editor-base\"\n\t\t\t\n\t\t>\n<div class=\"siteorigin-widget-tinymce textwidget\">\n\t<p><img loading=\"lazy\" decoding=\"async\" class=\"wp-image-145 size-full aligncenter\" src=\"https:\/\/interieur3d.com\/wp-content\/uploads\/2017\/06\/cup.png\" alt=\"\" width=\"128\" height=\"128\" \/><\/p>\n<p>&nbsp;<\/p>\n<p style=\"text-align: center;\">Offrez une pr\u00e9sentation innovante de qualit\u00e9<br \/>\nImmergez votre auditoire<\/p>\n<\/div>\n<\/div><\/div><\/div><\/div><div id=\"pgc-116-2-2\"  class=\"panel-grid-cell\" ><div id=\"panel-116-2-2-0\" class=\"so-panel widget widget_sow-editor panel-first-child panel-last-child\" data-index=\"4\" ><div style=\"text-align: center;\" data-title-color=\"#443f3f\" data-headings-color=\"#443f3f\" class=\"panel-widget-style panel-widget-style-for-116-2-2-0\" ><div\n\t\t\t\n\t\t\tclass=\"so-widget-sow-editor so-widget-sow-editor-base\"\n\t\t\t\n\t\t>\n<div class=\"siteorigin-widget-tinymce textwidget\">\n\t<p><img loading=\"lazy\" decoding=\"async\" class=\"wp-image-195 size-full aligncenter\" src=\"https:\/\/interieur3d.com\/wp-content\/uploads\/2017\/06\/eye.png\" alt=\"\" width=\"128\" height=\"128\" \/><\/p>\n<p>\u00a0<\/p>\n<p style=\"text-align: center;\">visite sur vos supports num\u00e9riques<br \/> (site internet, mails, \u00e9cran g\u00e9ants, bornes int\u00e9ractives)<br \/> gr\u00e2ce \u00e0 la balise Embed.<\/p>\n<\/div>\n<\/div><\/div><\/div><\/div><\/div><\/div><\/div>","protected":false},"excerpt":{"rendered":"<p>Compagnies et autres Vos bureaux, locaux, cabinets en visite virtuelle 3D Haute r\u00e9solution int\u00e9gr\u00e9e sur vos sites web de pr\u00e9sentation. AVANTAGES<\/p>\n","protected":false},"author":1,"featured_media":0,"parent":25,"menu_order":0,"comment_status":"closed","ping_status":"closed","template":"page-templates\/page_front-page.php","meta":{"_exactmetrics_skip_tracking":false,"_exactmetrics_sitenote_active":false,"_exactmetrics_sitenote_note":"","_exactmetrics_sitenote_category":0,"footnotes":""},"_links":{"self":[{"href":"https:\/\/interieur3d.com\/index.php\/wp-json\/wp\/v2\/pages\/116"}],"collection":[{"href":"https:\/\/interieur3d.com\/index.php\/wp-json\/wp\/v2\/pages"}],"about":[{"href":"https:\/\/interieur3d.com\/index.php\/wp-json\/wp\/v2\/types\/page"}],"author":[{"embeddable":true,"href":"https:\/\/interieur3d.com\/index.php\/wp-json\/wp\/v2\/users\/1"}],"replies":[{"embeddable":true,"href":"https:\/\/interieur3d.com\/index.php\/wp-json\/wp\/v2\/comments?post=116"}],"version-history":[{"count":4,"href":"https:\/\/interieur3d.com\/index.php\/wp-json\/wp\/v2\/pages\/116\/revisions"}],"predecessor-version":[{"id":407,"href":"https:\/\/interieur3d.com\/index.php\/wp-json\/wp\/v2\/pages\/116\/revisions\/407"}],"up":[{"embeddable":true,"href":"https:\/\/interieur3d.com\/index.php\/wp-json\/wp\/v2\/pages\/25"}],"wp:attachment":[{"href":"https:\/\/interieur3d.com\/index.php\/wp-json\/wp\/v2\/media?parent=116"}],"curies":[{"name":"wp","href":"https:\/\/api.w.org\/{rel}","templated":true}]}}