{"id":218,"date":"2017-06-20T14:28:04","date_gmt":"2017-06-20T12:28:04","guid":{"rendered":"http:\/\/www.versionbeta26.com\/?page_id=218"},"modified":"2018-01-12T15:57:44","modified_gmt":"2018-01-12T14:57:44","slug":"plan-cote-plan-2d3d","status":"publish","type":"page","link":"https:\/\/interieur3d.com\/index.php\/plan-cote-plan-2d3d\/","title":{"rendered":"Plan cot\u00e9 \/ Plan 2D\/3D"},"content":{"rendered":"<div id=\"pl-218\"  class=\"panel-layout\" ><div id=\"pg-218-0\"  class=\"panel-grid panel-has-style\" ><div class=\"siteorigin-panels-stretch panel-row-style panel-row-style-for-218-0\" style=\"padding: 100px 0; \" data-stretch-type=\"full\" data-overlay=\"true\" data-overlay-color=\"#000000\" ><div id=\"pgc-218-0-0\"  class=\"panel-grid-cell\" ><div id=\"panel-218-0-0-0\" class=\"so-panel widget widget_nav_menu panel-first-child panel-last-child\" data-index=\"0\" ><div style=\"text-align: left;\" data-title-color=\"#443f3f\" data-headings-color=\"#443f3f\" class=\"panel-widget-style panel-widget-style-for-218-0-0-0\" ><div class=\"menu-menu-prestations-container\"><ul id=\"menu-menu-prestations\" class=\"menu\"><li id=\"menu-item-482\" class=\"menu-item menu-item-type-post_type menu-item-object-page menu-item-482\"><a href=\"https:\/\/interieur3d.com\/index.php\/visite-virtuelle-3d\/\">Visite virtuelle 3D<\/a><\/li>\n<li id=\"menu-item-486\" class=\"menu-item menu-item-type-post_type menu-item-object-page menu-item-486\"><a href=\"https:\/\/interieur3d.com\/index.php\/plan-cote-plan-2d3d\/\">Plan cot\u00e9 \/ Plan 2D\/3D<\/a><\/li>\n<li id=\"menu-item-485\" class=\"menu-item menu-item-type-post_type menu-item-object-page menu-item-485\"><a href=\"https:\/\/interieur3d.com\/index.php\/vue-exterieur-a-360\/\">Vue \u00e0 360\u00b0<\/a><\/li>\n<li id=\"menu-item-487\" class=\"menu-item menu-item-type-post_type menu-item-object-page menu-item-487\"><a href=\"https:\/\/interieur3d.com\/index.php\/realite-virtuelle-vr\/\">R\u00e9alit\u00e9 virtuelle VR<\/a><\/li>\n<li id=\"menu-item-484\" class=\"menu-item menu-item-type-post_type menu-item-object-page menu-item-484\"><a href=\"https:\/\/interieur3d.com\/index.php\/home-staging-virtuel\/\">Home Staging virtuel<\/a><\/li>\n<li id=\"menu-item-483\" class=\"menu-item menu-item-type-post_type menu-item-object-page menu-item-483\"><a href=\"https:\/\/interieur3d.com\/index.php\/tarification\/\">Tarification<\/a><\/li>\n<\/ul><\/div><\/div><\/div><\/div><\/div><\/div><div id=\"pg-218-1\"  class=\"panel-grid panel-has-style\" ><div style=\"padding: 20px 0; \" data-overlay=\"true\" data-overlay-color=\"#000000\" class=\"panel-row-style panel-row-style-for-218-1\" ><div id=\"pgc-218-1-0\"  class=\"panel-grid-cell\" ><div id=\"panel-218-1-0-0\" class=\"so-panel widget widget_sow-editor panel-first-child\" data-index=\"1\" ><div style=\"text-align: left;\" data-title-color=\"#443f3f\" data-headings-color=\"#443f3f\" class=\"panel-widget-style panel-widget-style-for-218-1-0-0\" ><div\n\t\t\t\n\t\t\tclass=\"so-widget-sow-editor so-widget-sow-editor-base\"\n\t\t\t\n\t\t>\n<div class=\"siteorigin-widget-tinymce textwidget\">\n\t<p style=\"color: #9d7858!important; font-size: 38px; font-weight: bold;\">Plan c\u00f4t\u00e9\/Plan 2D\/3D<\/p>\n<\/div>\n<\/div><\/div><\/div><div id=\"panel-218-1-0-1\" class=\"so-panel widget widget_sow-editor\" data-index=\"2\" ><div style=\"text-align: center;\" data-title-color=\"#443f3f\" data-headings-color=\"#9d7858\" class=\"panel-widget-style panel-widget-style-for-218-1-0-1\" ><div\n\t\t\t\n\t\t\tclass=\"so-widget-sow-editor so-widget-sow-editor-base\"\n\t\t\t\n\t\t>\n<div class=\"siteorigin-widget-tinymce textwidget\">\n\t<p style=\"font-size: 22px; font-weight: bold;\">PLAN COT\u00c9<\/p>\n<p>Des plans sch\u00e9matis\u00e9s de chaque \u00e9tage permettant de positionner le mobilier selon ses mesures.<\/p>\n<p><img loading=\"lazy\" decoding=\"async\" class=\"aligncenter wp-image-505 size-full\" src=\"https:\/\/interieur3d.com\/wp-content\/uploads\/2017\/06\/plan-modif-franc\u0327ais-int-3d.jpg\" alt=\"\" width=\"934\" height=\"661\" srcset=\"https:\/\/interieur3d.com\/wp-content\/uploads\/2017\/06\/plan-modif-franc\u0327ais-int-3d.jpg 934w, https:\/\/interieur3d.com\/wp-content\/uploads\/2017\/06\/plan-modif-franc\u0327ais-int-3d-300x212.jpg 300w, https:\/\/interieur3d.com\/wp-content\/uploads\/2017\/06\/plan-modif-franc\u0327ais-int-3d-768x544.jpg 768w, https:\/\/interieur3d.com\/wp-content\/uploads\/2017\/06\/plan-modif-franc\u0327ais-int-3d-830x587.jpg 830w, https:\/\/interieur3d.com\/wp-content\/uploads\/2017\/06\/plan-modif-franc\u0327ais-int-3d-230x163.jpg 230w, https:\/\/interieur3d.com\/wp-content\/uploads\/2017\/06\/plan-modif-franc\u0327ais-int-3d-350x248.jpg 350w, https:\/\/interieur3d.com\/wp-content\/uploads\/2017\/06\/plan-modif-franc\u0327ais-int-3d-480x340.jpg 480w\" sizes=\"(max-width: 934px) 100vw, 934px\" \/><\/p>\n<\/div>\n<\/div><\/div><\/div><div id=\"panel-218-1-0-2\" class=\"so-panel widget widget_sow-editor\" data-index=\"3\" ><div style=\"text-align: center;\" data-title-color=\"#443f3f\" data-headings-color=\"#9d7858\" class=\"panel-widget-style panel-widget-style-for-218-1-0-2\" ><div\n\t\t\t\n\t\t\tclass=\"so-widget-sow-editor so-widget-sow-editor-base\"\n\t\t\t\n\t\t>\n<div class=\"siteorigin-widget-tinymce textwidget\">\n\t<p style=\"font-size: 22px; font-weight: bold;\">PLAN 2D<\/p>\n<p>R\u00e9alisation des plans en 2D<br \/> pour vous projeter dans l\u2019am\u00e9nagement<\/p>\n<p><img loading=\"lazy\" decoding=\"async\" class=\"aligncenter wp-image-445 size-full\" src=\"https:\/\/interieur3d.com\/wp-content\/uploads\/2017\/06\/plan-2d.jpg\" alt=\"\" width=\"3840\" height=\"2160\" srcset=\"https:\/\/interieur3d.com\/wp-content\/uploads\/2017\/06\/plan-2d.jpg 3840w, https:\/\/interieur3d.com\/wp-content\/uploads\/2017\/06\/plan-2d-300x169.jpg 300w, https:\/\/interieur3d.com\/wp-content\/uploads\/2017\/06\/plan-2d-768x432.jpg 768w, https:\/\/interieur3d.com\/wp-content\/uploads\/2017\/06\/plan-2d-1024x576.jpg 1024w, https:\/\/interieur3d.com\/wp-content\/uploads\/2017\/06\/plan-2d-830x467.jpg 830w, https:\/\/interieur3d.com\/wp-content\/uploads\/2017\/06\/plan-2d-230x129.jpg 230w, https:\/\/interieur3d.com\/wp-content\/uploads\/2017\/06\/plan-2d-350x197.jpg 350w, https:\/\/interieur3d.com\/wp-content\/uploads\/2017\/06\/plan-2d-480x270.jpg 480w\" sizes=\"(max-width: 3840px) 100vw, 3840px\" \/><\/p>\n<\/div>\n<\/div><\/div><\/div><div id=\"panel-218-1-0-3\" class=\"so-panel widget widget_sow-editor panel-last-child\" data-index=\"4\" ><div style=\"text-align: center;\" data-title-color=\"#443f3f\" data-headings-color=\"#9d7858\" class=\"panel-widget-style panel-widget-style-for-218-1-0-3\" ><div\n\t\t\t\n\t\t\tclass=\"so-widget-sow-editor so-widget-sow-editor-base\"\n\t\t\t\n\t\t>\n<div class=\"siteorigin-widget-tinymce textwidget\">\n\t<p style=\"font-size: 22px; font-weight: bold;\">PLAN 3D<\/p>\n<p>R\u00e9alisation des plans en 3D pour visualiser l\u2019espace dans son ensemble et s\u2019approprier les volumes<\/p>\n<p><img loading=\"lazy\" decoding=\"async\" class=\"aligncenter wp-image-446 size-full\" src=\"https:\/\/interieur3d.com\/wp-content\/uploads\/2017\/06\/PLAN3D-2.jpg\" alt=\"\" width=\"3840\" height=\"2160\" srcset=\"https:\/\/interieur3d.com\/wp-content\/uploads\/2017\/06\/PLAN3D-2.jpg 3840w, https:\/\/interieur3d.com\/wp-content\/uploads\/2017\/06\/PLAN3D-2-300x169.jpg 300w, https:\/\/interieur3d.com\/wp-content\/uploads\/2017\/06\/PLAN3D-2-768x432.jpg 768w, https:\/\/interieur3d.com\/wp-content\/uploads\/2017\/06\/PLAN3D-2-1024x576.jpg 1024w, https:\/\/interieur3d.com\/wp-content\/uploads\/2017\/06\/PLAN3D-2-830x467.jpg 830w, https:\/\/interieur3d.com\/wp-content\/uploads\/2017\/06\/PLAN3D-2-230x129.jpg 230w, https:\/\/interieur3d.com\/wp-content\/uploads\/2017\/06\/PLAN3D-2-350x197.jpg 350w, https:\/\/interieur3d.com\/wp-content\/uploads\/2017\/06\/PLAN3D-2-480x270.jpg 480w\" sizes=\"(max-width: 3840px) 100vw, 3840px\" \/><\/p>\n<\/div>\n<\/div><\/div><\/div><\/div><\/div><\/div><div id=\"pg-218-2\"  class=\"panel-grid panel-has-style\" ><div style=\"padding: 100px 0; \" data-overlay=\"true\" data-overlay-color=\"#000000\" class=\"panel-row-style panel-row-style-for-218-2\" ><div id=\"pgc-218-2-0\"  class=\"panel-grid-cell panel-grid-cell-empty\" ><\/div><\/div><\/div><div id=\"pg-218-3\"  class=\"panel-grid panel-has-style\" ><div style=\"padding: 100px 0; \" data-overlay=\"true\" data-overlay-color=\"#000000\" class=\"panel-row-style panel-row-style-for-218-3\" ><div id=\"pgc-218-3-0\"  class=\"panel-grid-cell panel-grid-cell-empty\" ><\/div><\/div><\/div><div id=\"pg-218-4\"  class=\"panel-grid panel-has-style\" ><div style=\"padding: 100px 0; \" data-overlay=\"true\" data-overlay-color=\"#000000\" class=\"panel-row-style panel-row-style-for-218-4\" ><div id=\"pgc-218-4-0\"  class=\"panel-grid-cell panel-grid-cell-empty\" ><\/div><\/div><\/div><\/div>","protected":false},"excerpt":{"rendered":"<p>Plan c\u00f4t\u00e9\/Plan 2D\/3D PLAN COT\u00c9 Des plans sch\u00e9matis\u00e9s de chaque \u00e9tage permettant de positionner le mobilier selon ses mesures. PLAN 2D R\u00e9alisation des plans en 2D pour vous projeter dans l\u2019am\u00e9nagement PLAN 3D R\u00e9alisation des plans en 3D pour visualiser l\u2019espace dans son ensemble et s\u2019approprier les volumes<\/p>\n","protected":false},"author":1,"featured_media":0,"parent":0,"menu_order":0,"comment_status":"closed","ping_status":"closed","template":"page-templates\/page_front-page.php","meta":{"_exactmetrics_skip_tracking":false,"_exactmetrics_sitenote_active":false,"_exactmetrics_sitenote_note":"","_exactmetrics_sitenote_category":0,"footnotes":""},"_links":{"self":[{"href":"https:\/\/interieur3d.com\/index.php\/wp-json\/wp\/v2\/pages\/218"}],"collection":[{"href":"https:\/\/interieur3d.com\/index.php\/wp-json\/wp\/v2\/pages"}],"about":[{"href":"https:\/\/interieur3d.com\/index.php\/wp-json\/wp\/v2\/types\/page"}],"author":[{"embeddable":true,"href":"https:\/\/interieur3d.com\/index.php\/wp-json\/wp\/v2\/users\/1"}],"replies":[{"embeddable":true,"href":"https:\/\/interieur3d.com\/index.php\/wp-json\/wp\/v2\/comments?post=218"}],"version-history":[{"count":13,"href":"https:\/\/interieur3d.com\/index.php\/wp-json\/wp\/v2\/pages\/218\/revisions"}],"predecessor-version":[{"id":507,"href":"https:\/\/interieur3d.com\/index.php\/wp-json\/wp\/v2\/pages\/218\/revisions\/507"}],"wp:attachment":[{"href":"https:\/\/interieur3d.com\/index.php\/wp-json\/wp\/v2\/media?parent=218"}],"curies":[{"name":"wp","href":"https:\/\/api.w.org\/{rel}","templated":true}]}}