{"id":222,"date":"2017-06-20T14:29:13","date_gmt":"2017-06-20T12:29:13","guid":{"rendered":"http:\/\/www.versionbeta26.com\/?page_id=222"},"modified":"2018-01-12T15:12:46","modified_gmt":"2018-01-12T14:12:46","slug":"realite-virtuelle-vr","status":"publish","type":"page","link":"https:\/\/interieur3d.com\/index.php\/realite-virtuelle-vr\/","title":{"rendered":"R\u00e9alit\u00e9 virtuelle VR"},"content":{"rendered":"<div id=\"pl-222\"  class=\"panel-layout\" ><div id=\"pg-222-0\"  class=\"panel-grid panel-has-style\" ><div class=\"siteorigin-panels-stretch panel-row-style panel-row-style-for-222-0\" style=\"padding: 100px 0; \" data-stretch-type=\"full\" data-overlay=\"true\" data-overlay-color=\"#000000\" ><div id=\"pgc-222-0-0\"  class=\"panel-grid-cell\" ><div id=\"panel-222-0-0-0\" class=\"so-panel widget widget_nav_menu panel-first-child panel-last-child\" data-index=\"0\" ><div style=\"text-align: left;\" data-title-color=\"#443f3f\" data-headings-color=\"#443f3f\" class=\"panel-widget-style panel-widget-style-for-222-0-0-0\" ><div class=\"menu-menu-prestations-container\"><ul id=\"menu-menu-prestations\" class=\"menu\"><li id=\"menu-item-482\" class=\"menu-item menu-item-type-post_type menu-item-object-page menu-item-482\"><a href=\"https:\/\/interieur3d.com\/index.php\/visite-virtuelle-3d\/\">Visite virtuelle 3D<\/a><\/li>\n<li id=\"menu-item-486\" class=\"menu-item menu-item-type-post_type menu-item-object-page menu-item-486\"><a href=\"https:\/\/interieur3d.com\/index.php\/plan-cote-plan-2d3d\/\">Plan cot\u00e9 \/ Plan 2D\/3D<\/a><\/li>\n<li id=\"menu-item-485\" class=\"menu-item menu-item-type-post_type menu-item-object-page menu-item-485\"><a href=\"https:\/\/interieur3d.com\/index.php\/vue-exterieur-a-360\/\">Vue \u00e0 360\u00b0<\/a><\/li>\n<li id=\"menu-item-487\" class=\"menu-item menu-item-type-post_type menu-item-object-page menu-item-487\"><a href=\"https:\/\/interieur3d.com\/index.php\/realite-virtuelle-vr\/\">R\u00e9alit\u00e9 virtuelle VR<\/a><\/li>\n<li id=\"menu-item-484\" class=\"menu-item menu-item-type-post_type menu-item-object-page menu-item-484\"><a href=\"https:\/\/interieur3d.com\/index.php\/home-staging-virtuel\/\">Home Staging virtuel<\/a><\/li>\n<li id=\"menu-item-483\" class=\"menu-item menu-item-type-post_type menu-item-object-page menu-item-483\"><a href=\"https:\/\/interieur3d.com\/index.php\/tarification\/\">Tarification<\/a><\/li>\n<\/ul><\/div><\/div><\/div><\/div><\/div><\/div><div id=\"pg-222-1\"  class=\"panel-grid panel-has-style\" ><div style=\"padding: 20px 0; \" data-overlay=\"true\" data-overlay-color=\"#000000\" class=\"panel-row-style panel-row-style-for-222-1\" ><div id=\"pgc-222-1-0\"  class=\"panel-grid-cell\" ><div id=\"panel-222-1-0-0\" class=\"so-panel widget widget_sow-editor panel-first-child panel-last-child\" data-index=\"1\" ><div style=\"text-align: left;\" data-title-color=\"#443f3f\" data-headings-color=\"#443f3f\" class=\"panel-widget-style panel-widget-style-for-222-1-0-0\" ><div\n\t\t\t\n\t\t\tclass=\"so-widget-sow-editor so-widget-sow-editor-base\"\n\t\t\t\n\t\t>\n<div class=\"siteorigin-widget-tinymce textwidget\">\n\t<p style=\"color: #9d7858!important; font-size: 38px; font-weight: bold;\">R\u00e9alit\u00e9 virtuelle VR<\/p>\n<\/div>\n<\/div><\/div><\/div><\/div><\/div><\/div><div id=\"pg-222-2\"  class=\"panel-grid panel-has-style\" ><div class=\"siteorigin-panels-stretch panel-row-style panel-row-style-for-222-2\" style=\"padding: 3% 0; \" data-stretch-type=\"full\" data-overlay=\"true\" data-overlay-color=\"#000000\" ><div id=\"pgc-222-2-0\"  class=\"panel-grid-cell\" ><div id=\"panel-222-2-0-0\" class=\"so-panel widget widget_sow-editor panel-first-child panel-last-child\" data-index=\"2\" ><div style=\"text-align: center;\" data-title-color=\"#443f3f\" data-headings-color=\"#9d7858\" class=\"panel-widget-style panel-widget-style-for-222-2-0-0\" ><div\n\t\t\t\n\t\t\tclass=\"so-widget-sow-editor so-widget-sow-editor-base\"\n\t\t\t\n\t\t>\n<div class=\"siteorigin-widget-tinymce textwidget\">\n\t<p><img loading=\"lazy\" decoding=\"async\" class=\"aligncenter wp-image-162 size-large\" src=\"https:\/\/interieur3d.com\/wp-content\/uploads\/2017\/06\/Fotolia_130247819_L-1024x683.jpg\" alt=\"\" width=\"1024\" height=\"683\" srcset=\"https:\/\/interieur3d.com\/wp-content\/uploads\/2017\/06\/Fotolia_130247819_L-1024x683.jpg 1024w, https:\/\/interieur3d.com\/wp-content\/uploads\/2017\/06\/Fotolia_130247819_L-300x200.jpg 300w, https:\/\/interieur3d.com\/wp-content\/uploads\/2017\/06\/Fotolia_130247819_L-768x512.jpg 768w, https:\/\/interieur3d.com\/wp-content\/uploads\/2017\/06\/Fotolia_130247819_L-830x553.jpg 830w, https:\/\/interieur3d.com\/wp-content\/uploads\/2017\/06\/Fotolia_130247819_L-230x153.jpg 230w, https:\/\/interieur3d.com\/wp-content\/uploads\/2017\/06\/Fotolia_130247819_L-350x233.jpg 350w, https:\/\/interieur3d.com\/wp-content\/uploads\/2017\/06\/Fotolia_130247819_L-480x320.jpg 480w, https:\/\/interieur3d.com\/wp-content\/uploads\/2017\/06\/Fotolia_130247819_L-272x182.jpg 272w\" sizes=\"(max-width: 1024px) 100vw, 1024px\" \/><\/p>\n<\/div>\n<\/div><\/div><\/div><\/div><div id=\"pgc-222-2-1\"  class=\"panel-grid-cell\" ><div id=\"panel-222-2-1-0\" class=\"so-panel widget widget_sow-editor panel-first-child\" data-index=\"3\" ><div style=\"text-align: center;\" data-title-color=\"#443f3f\" data-headings-color=\"#9d7858\" class=\"panel-widget-style panel-widget-style-for-222-2-1-0\" ><div\n\t\t\t\n\t\t\tclass=\"so-widget-sow-editor so-widget-sow-editor-base\"\n\t\t\t\n\t\t>\n<div class=\"siteorigin-widget-tinymce textwidget\">\n\t<p style=\"font-size: 20px; font-weight: bold; color: #9d7858!important;\">\u00abL\u2019immersion dans tous ses \u00e9tats !\u00bb<\/p>\n<p>Entrez, l\u2019\u00e9motion est l\u00e0 !<\/p>\n<p>La meilleur fa\u00e7on d\u2019obtenir<\/p>\n<p>le monde r\u00e9el dans la r\u00e9alit\u00e9 virtuelle<\/p>\n<\/div>\n<\/div><\/div><\/div><div id=\"panel-222-2-1-1\" class=\"so-panel widget widget_sow-button panel-last-child\" data-index=\"4\" ><div style=\"text-align: left;\" data-title-color=\"#443f3f\" data-headings-color=\"#443f3f\" class=\"panel-widget-style panel-widget-style-for-222-2-1-1\" ><div\n\t\t\t\n\t\t\tclass=\"so-widget-sow-button so-widget-sow-button-flat-0ab6718a6250-222\"\n\t\t\t\n\t\t><div class=\"ow-button-base ow-button-align-center\">\n\t<a\n\thref=\"https:\/\/interieur3d.com\/index.php\/contact\/\"\n\t\tclass=\"ow-icon-placement-left ow-button-hover\" \t>\n\t\t<span>\n\t\t\t\n\t\t\tDemandez une d\u00e9mo\t\t<\/span>\n\t<\/a>\n<\/div>\n<\/div><\/div><\/div><\/div><\/div><\/div><\/div>","protected":false},"excerpt":{"rendered":"<p>R\u00e9alit\u00e9 virtuelle VR<\/p>\n","protected":false},"author":1,"featured_media":0,"parent":0,"menu_order":0,"comment_status":"closed","ping_status":"closed","template":"page-templates\/page_front-page.php","meta":{"_exactmetrics_skip_tracking":false,"_exactmetrics_sitenote_active":false,"_exactmetrics_sitenote_note":"","_exactmetrics_sitenote_category":0,"footnotes":""},"_links":{"self":[{"href":"https:\/\/interieur3d.com\/index.php\/wp-json\/wp\/v2\/pages\/222"}],"collection":[{"href":"https:\/\/interieur3d.com\/index.php\/wp-json\/wp\/v2\/pages"}],"about":[{"href":"https:\/\/interieur3d.com\/index.php\/wp-json\/wp\/v2\/types\/page"}],"author":[{"embeddable":true,"href":"https:\/\/interieur3d.com\/index.php\/wp-json\/wp\/v2\/users\/1"}],"replies":[{"embeddable":true,"href":"https:\/\/interieur3d.com\/index.php\/wp-json\/wp\/v2\/comments?post=222"}],"version-history":[{"count":9,"href":"https:\/\/interieur3d.com\/index.php\/wp-json\/wp\/v2\/pages\/222\/revisions"}],"predecessor-version":[{"id":497,"href":"https:\/\/interieur3d.com\/index.php\/wp-json\/wp\/v2\/pages\/222\/revisions\/497"}],"wp:attachment":[{"href":"https:\/\/interieur3d.com\/index.php\/wp-json\/wp\/v2\/media?parent=222"}],"curies":[{"name":"wp","href":"https:\/\/api.w.org\/{rel}","templated":true}]}}