{"id":224,"date":"2017-06-20T14:29:55","date_gmt":"2017-06-20T12:29:55","guid":{"rendered":"http:\/\/www.versionbeta26.com\/?page_id=224"},"modified":"2018-04-12T09:41:23","modified_gmt":"2018-04-12T07:41:23","slug":"home-staging-virtuel","status":"publish","type":"page","link":"https:\/\/interieur3d.com\/index.php\/home-staging-virtuel\/","title":{"rendered":"Home Staging virtuel"},"content":{"rendered":"<div id=\"pl-224\"  class=\"panel-layout\" ><div id=\"pg-224-0\"  class=\"panel-grid panel-has-style\" ><div class=\"siteorigin-panels-stretch panel-row-style panel-row-style-for-224-0\" style=\"padding: 100px 0; \" data-stretch-type=\"full\" data-overlay=\"true\" data-overlay-color=\"#000000\" ><div id=\"pgc-224-0-0\"  class=\"panel-grid-cell\" ><div id=\"panel-224-0-0-0\" class=\"so-panel widget widget_nav_menu panel-first-child panel-last-child\" data-index=\"0\" ><div style=\"text-align: left;\" data-title-color=\"#443f3f\" data-headings-color=\"#443f3f\" class=\"panel-widget-style panel-widget-style-for-224-0-0-0\" ><div class=\"menu-menu-prestations-container\"><ul id=\"menu-menu-prestations\" class=\"menu\"><li id=\"menu-item-482\" class=\"menu-item menu-item-type-post_type menu-item-object-page menu-item-482\"><a href=\"https:\/\/interieur3d.com\/index.php\/visite-virtuelle-3d\/\">Visite virtuelle 3D<\/a><\/li>\n<li id=\"menu-item-486\" class=\"menu-item menu-item-type-post_type menu-item-object-page menu-item-486\"><a href=\"https:\/\/interieur3d.com\/index.php\/plan-cote-plan-2d3d\/\">Plan cot\u00e9 \/ Plan 2D\/3D<\/a><\/li>\n<li id=\"menu-item-485\" class=\"menu-item menu-item-type-post_type menu-item-object-page menu-item-485\"><a href=\"https:\/\/interieur3d.com\/index.php\/vue-exterieur-a-360\/\">Vue \u00e0 360\u00b0<\/a><\/li>\n<li id=\"menu-item-487\" class=\"menu-item menu-item-type-post_type menu-item-object-page menu-item-487\"><a href=\"https:\/\/interieur3d.com\/index.php\/realite-virtuelle-vr\/\">R\u00e9alit\u00e9 virtuelle VR<\/a><\/li>\n<li id=\"menu-item-484\" class=\"menu-item menu-item-type-post_type menu-item-object-page menu-item-484\"><a href=\"https:\/\/interieur3d.com\/index.php\/home-staging-virtuel\/\">Home Staging virtuel<\/a><\/li>\n<li id=\"menu-item-483\" class=\"menu-item menu-item-type-post_type menu-item-object-page menu-item-483\"><a href=\"https:\/\/interieur3d.com\/index.php\/tarification\/\">Tarification<\/a><\/li>\n<\/ul><\/div><\/div><\/div><\/div><\/div><\/div><div id=\"pg-224-1\"  class=\"panel-grid panel-has-style\" ><div style=\"padding: 20px 0; \" data-overlay=\"true\" data-overlay-color=\"#000000\" class=\"panel-row-style panel-row-style-for-224-1\" ><div id=\"pgc-224-1-0\"  class=\"panel-grid-cell\" ><div id=\"panel-224-1-0-0\" class=\"so-panel widget widget_sow-editor panel-first-child panel-last-child\" data-index=\"1\" ><div style=\"text-align: left;\" data-title-color=\"#443f3f\" data-headings-color=\"#443f3f\" class=\"panel-widget-style panel-widget-style-for-224-1-0-0\" ><div\n\t\t\t\n\t\t\tclass=\"so-widget-sow-editor so-widget-sow-editor-base\"\n\t\t\t\n\t\t>\n<div class=\"siteorigin-widget-tinymce textwidget\">\n\t<p style=\"color: #9d7858!important; font-size: 38px; font-weight: bold;\">Le home staging virtuel<\/p>\n<p style=\"color: #9d7858!important; font-size: 30px; font-weight: bold;\">\u00ab Un service innovant et efficace pour l\u2019immobilier \u00bb r\u00e9alis\u00e9 par des architectes d\u2019int\u00e9rieur<\/p>\n<p style=\"font-size: 20px; font-weight: bold; color: #9d7858 !important; text-align: center;\">AVANTAGES<\/p>\n<p style=\"text-align: center;\">D\u00e9voile le potentiel d\u2019un bien<br \/> Aide \u00e0 l\u2019am\u00e9nagement<br \/> Permet de se projeter<br \/> R\u00e9duit le d\u00e9lai de vente<br \/> Outil marketing<\/p>\n<p><img loading=\"lazy\" decoding=\"async\" class=\"aligncenter wp-image-457 size-large\" src=\"https:\/\/interieur3d.com\/wp-content\/uploads\/2017\/06\/apre\u0301s-vide-1024x656.jpg\" alt=\"\" width=\"1024\" height=\"656\" srcset=\"https:\/\/interieur3d.com\/wp-content\/uploads\/2017\/06\/apre\u0301s-vide-1024x656.jpg 1024w, https:\/\/interieur3d.com\/wp-content\/uploads\/2017\/06\/apre\u0301s-vide-300x192.jpg 300w, https:\/\/interieur3d.com\/wp-content\/uploads\/2017\/06\/apre\u0301s-vide-768x492.jpg 768w, https:\/\/interieur3d.com\/wp-content\/uploads\/2017\/06\/apre\u0301s-vide-830x532.jpg 830w, https:\/\/interieur3d.com\/wp-content\/uploads\/2017\/06\/apre\u0301s-vide-230x147.jpg 230w, https:\/\/interieur3d.com\/wp-content\/uploads\/2017\/06\/apre\u0301s-vide-350x224.jpg 350w, https:\/\/interieur3d.com\/wp-content\/uploads\/2017\/06\/apre\u0301s-vide-480x308.jpg 480w, https:\/\/interieur3d.com\/wp-content\/uploads\/2017\/06\/apre\u0301s-vide.jpg 1320w\" sizes=\"(max-width: 1024px) 100vw, 1024px\" \/><\/p>\n<p><img loading=\"lazy\" decoding=\"async\" class=\"aligncenter wp-image-458 size-large\" src=\"https:\/\/interieur3d.com\/wp-content\/uploads\/2017\/06\/avant-vide-1024x576.jpg\" alt=\"\" width=\"1024\" height=\"576\" srcset=\"https:\/\/interieur3d.com\/wp-content\/uploads\/2017\/06\/avant-vide-1024x576.jpg 1024w, https:\/\/interieur3d.com\/wp-content\/uploads\/2017\/06\/avant-vide-300x169.jpg 300w, https:\/\/interieur3d.com\/wp-content\/uploads\/2017\/06\/avant-vide-768x432.jpg 768w, https:\/\/interieur3d.com\/wp-content\/uploads\/2017\/06\/avant-vide-830x467.jpg 830w, https:\/\/interieur3d.com\/wp-content\/uploads\/2017\/06\/avant-vide-230x129.jpg 230w, https:\/\/interieur3d.com\/wp-content\/uploads\/2017\/06\/avant-vide-350x197.jpg 350w, https:\/\/interieur3d.com\/wp-content\/uploads\/2017\/06\/avant-vide-480x270.jpg 480w, https:\/\/interieur3d.com\/wp-content\/uploads\/2017\/06\/avant-vide.jpg 1920w\" sizes=\"(max-width: 1024px) 100vw, 1024px\" \/><\/p>\n<p><img loading=\"lazy\" decoding=\"async\" class=\"aligncenter wp-image-459 size-large\" src=\"https:\/\/interieur3d.com\/wp-content\/uploads\/2017\/06\/apre\u0301s-meuble\u0301-1024x560.jpg\" alt=\"\" width=\"1024\" height=\"560\" srcset=\"https:\/\/interieur3d.com\/wp-content\/uploads\/2017\/06\/apre\u0301s-meuble\u0301-1024x560.jpg 1024w, https:\/\/interieur3d.com\/wp-content\/uploads\/2017\/06\/apre\u0301s-meuble\u0301-300x164.jpg 300w, https:\/\/interieur3d.com\/wp-content\/uploads\/2017\/06\/apre\u0301s-meuble\u0301-768x420.jpg 768w, https:\/\/interieur3d.com\/wp-content\/uploads\/2017\/06\/apre\u0301s-meuble\u0301-830x454.jpg 830w, https:\/\/interieur3d.com\/wp-content\/uploads\/2017\/06\/apre\u0301s-meuble\u0301-230x126.jpg 230w, https:\/\/interieur3d.com\/wp-content\/uploads\/2017\/06\/apre\u0301s-meuble\u0301-350x191.jpg 350w, https:\/\/interieur3d.com\/wp-content\/uploads\/2017\/06\/apre\u0301s-meuble\u0301-480x263.jpg 480w, https:\/\/interieur3d.com\/wp-content\/uploads\/2017\/06\/apre\u0301s-meuble\u0301.jpg 1600w\" sizes=\"(max-width: 1024px) 100vw, 1024px\" \/><\/p>\n<p><img loading=\"lazy\" decoding=\"async\" class=\"aligncenter wp-image-460 size-large\" src=\"https:\/\/interieur3d.com\/wp-content\/uploads\/2017\/06\/avant-meuble\u0301-1024x576.jpg\" alt=\"\" width=\"1024\" height=\"576\" srcset=\"https:\/\/interieur3d.com\/wp-content\/uploads\/2017\/06\/avant-meuble\u0301-1024x576.jpg 1024w, https:\/\/interieur3d.com\/wp-content\/uploads\/2017\/06\/avant-meuble\u0301-300x169.jpg 300w, https:\/\/interieur3d.com\/wp-content\/uploads\/2017\/06\/avant-meuble\u0301-768x432.jpg 768w, https:\/\/interieur3d.com\/wp-content\/uploads\/2017\/06\/avant-meuble\u0301-830x467.jpg 830w, https:\/\/interieur3d.com\/wp-content\/uploads\/2017\/06\/avant-meuble\u0301-230x129.jpg 230w, https:\/\/interieur3d.com\/wp-content\/uploads\/2017\/06\/avant-meuble\u0301-350x197.jpg 350w, https:\/\/interieur3d.com\/wp-content\/uploads\/2017\/06\/avant-meuble\u0301-480x270.jpg 480w, https:\/\/interieur3d.com\/wp-content\/uploads\/2017\/06\/avant-meuble\u0301.jpg 1600w\" sizes=\"(max-width: 1024px) 100vw, 1024px\" \/><\/p>\n<\/div>\n<\/div><\/div><\/div><\/div><\/div><\/div><\/div>","protected":false},"excerpt":{"rendered":"<p>Le home staging virtuel \u00ab Un service innovant et efficace pour l\u2019immobilier \u00bb r\u00e9alis\u00e9 par des architectes d\u2019int\u00e9rieur AVANTAGES D\u00e9voile le potentiel d\u2019un bien Aide \u00e0 l\u2019am\u00e9nagement Permet de se projeter R\u00e9duit le d\u00e9lai de vente Outil marketing<\/p>\n","protected":false},"author":1,"featured_media":0,"parent":0,"menu_order":0,"comment_status":"closed","ping_status":"closed","template":"page-templates\/page_front-page.php","meta":{"_exactmetrics_skip_tracking":false,"_exactmetrics_sitenote_active":false,"_exactmetrics_sitenote_note":"","_exactmetrics_sitenote_category":0,"footnotes":""},"_links":{"self":[{"href":"https:\/\/interieur3d.com\/index.php\/wp-json\/wp\/v2\/pages\/224"}],"collection":[{"href":"https:\/\/interieur3d.com\/index.php\/wp-json\/wp\/v2\/pages"}],"about":[{"href":"https:\/\/interieur3d.com\/index.php\/wp-json\/wp\/v2\/types\/page"}],"author":[{"embeddable":true,"href":"https:\/\/interieur3d.com\/index.php\/wp-json\/wp\/v2\/users\/1"}],"replies":[{"embeddable":true,"href":"https:\/\/interieur3d.com\/index.php\/wp-json\/wp\/v2\/comments?post=224"}],"version-history":[{"count":23,"href":"https:\/\/interieur3d.com\/index.php\/wp-json\/wp\/v2\/pages\/224\/revisions"}],"predecessor-version":[{"id":661,"href":"https:\/\/interieur3d.com\/index.php\/wp-json\/wp\/v2\/pages\/224\/revisions\/661"}],"wp:attachment":[{"href":"https:\/\/interieur3d.com\/index.php\/wp-json\/wp\/v2\/media?parent=224"}],"curies":[{"name":"wp","href":"https:\/\/api.w.org\/{rel}","templated":true}]}}