{"id":226,"date":"2017-06-20T14:30:28","date_gmt":"2017-06-20T12:30:28","guid":{"rendered":"http:\/\/www.versionbeta26.com\/?page_id=226"},"modified":"2019-10-22T11:05:18","modified_gmt":"2019-10-22T09:05:18","slug":"tarification","status":"publish","type":"page","link":"https:\/\/interieur3d.com\/index.php\/tarification\/","title":{"rendered":"Tarification"},"content":{"rendered":"<div id=\"pl-226\"  class=\"panel-layout\" ><div id=\"pg-226-0\"  class=\"panel-grid panel-has-style\" ><div class=\"siteorigin-panels-stretch panel-row-style panel-row-style-for-226-0\" style=\"padding: 100px 0; \" data-stretch-type=\"full\" data-overlay=\"true\" data-overlay-color=\"#000000\" ><div id=\"pgc-226-0-0\"  class=\"panel-grid-cell\" ><div id=\"panel-226-0-0-0\" class=\"so-panel widget widget_nav_menu panel-first-child panel-last-child\" data-index=\"0\" ><div style=\"text-align: left;\" data-title-color=\"#443f3f\" data-headings-color=\"#443f3f\" class=\"panel-widget-style panel-widget-style-for-226-0-0-0\" ><div class=\"menu-menu-prestations-container\"><ul id=\"menu-menu-prestations\" class=\"menu\"><li id=\"menu-item-482\" class=\"menu-item menu-item-type-post_type menu-item-object-page menu-item-482\"><a href=\"https:\/\/interieur3d.com\/index.php\/visite-virtuelle-3d\/\">Visite virtuelle 3D<\/a><\/li>\n<li id=\"menu-item-486\" class=\"menu-item menu-item-type-post_type menu-item-object-page menu-item-486\"><a href=\"https:\/\/interieur3d.com\/index.php\/plan-cote-plan-2d3d\/\">Plan cot\u00e9 \/ Plan 2D\/3D<\/a><\/li>\n<li id=\"menu-item-485\" class=\"menu-item menu-item-type-post_type menu-item-object-page menu-item-485\"><a href=\"https:\/\/interieur3d.com\/index.php\/vue-exterieur-a-360\/\">Vue \u00e0 360\u00b0<\/a><\/li>\n<li id=\"menu-item-487\" class=\"menu-item menu-item-type-post_type menu-item-object-page menu-item-487\"><a href=\"https:\/\/interieur3d.com\/index.php\/realite-virtuelle-vr\/\">R\u00e9alit\u00e9 virtuelle VR<\/a><\/li>\n<li id=\"menu-item-484\" class=\"menu-item menu-item-type-post_type menu-item-object-page menu-item-484\"><a href=\"https:\/\/interieur3d.com\/index.php\/home-staging-virtuel\/\">Home Staging virtuel<\/a><\/li>\n<li id=\"menu-item-483\" class=\"menu-item menu-item-type-post_type menu-item-object-page menu-item-483\"><a href=\"https:\/\/interieur3d.com\/index.php\/tarification\/\">Tarification<\/a><\/li>\n<\/ul><\/div><\/div><\/div><\/div><\/div><\/div><div id=\"pg-226-1\"  class=\"panel-grid panel-has-style\" ><div style=\"padding: 1% 0; \" data-overlay=\"true\" data-overlay-color=\"#000000\" class=\"panel-row-style panel-row-style-for-226-1\" ><div id=\"pgc-226-1-0\"  class=\"panel-grid-cell\" ><div id=\"panel-226-1-0-0\" class=\"so-panel widget widget_sow-editor panel-first-child\" data-index=\"1\" ><div style=\"text-align: left;\" data-title-color=\"#443f3f\" data-headings-color=\"#443f3f\" class=\"panel-widget-style panel-widget-style-for-226-1-0-0\" ><div\n\t\t\t\n\t\t\tclass=\"so-widget-sow-editor so-widget-sow-editor-base\"\n\t\t\t\n\t\t>\n<div class=\"siteorigin-widget-tinymce textwidget\">\n\t<p style=\"font-size: 38px; font-weight: bold; color: #9d7858 !important; text-align: center;\">TARIFICATION DE NOS PRESTATIONS<\/p>\n<\/div>\n<\/div><\/div><\/div><div id=\"panel-226-1-0-1\" class=\"so-panel widget widget_sow-editor\" data-index=\"2\" ><div style=\"text-align: left;\" data-title-color=\"#443f3f\" data-headings-color=\"#443f3f\" class=\"panel-widget-style panel-widget-style-for-226-1-0-1\" ><div\n\t\t\t\n\t\t\tclass=\"so-widget-sow-editor so-widget-sow-editor-base\"\n\t\t\t\n\t\t>\n<div class=\"siteorigin-widget-tinymce textwidget\">\n\t<table style=\"border: 2px solid #9d7858; border-collapse: collapse; color: #333;\">\n<tbody>\n<tr style=\"border: 0; background: #9d7858; color: #fff;\">\n<td style=\"text-align: center; border: none;\" colspan=\"7\"><strong>VISITE VIRTUELLE<\/strong><\/td>\n<\/tr>\n<\/tbody>\n<tbody>\n<tr style=\"border: 2px solid #9d7858;\">\n<td style=\"border: 2px solid #9d7858; width: 180px;\"><img loading=\"lazy\" decoding=\"async\" class=\"alignnone size-full wp-image-324\" src=\"https:\/\/interieur3d.com\/wp-content\/uploads\/2017\/06\/casque.png\" alt=\"\" width=\"106\" height=\"89\" \/><\/td>\n<td style=\"border: 2px solid #9d7858; color: #9d7858; font-size: 18px; font-weight: bold; min-width: 112px;\"><strong>Forfait 149,00 euros jusqu'\u00e0 50 m\u00b2<\/strong><br \/>\n<strong>Et 3,90 euros le m\u00b2 suppl\u00e9mentaire<\/strong><br \/>\nCette prestation comprend :<br \/>\nLa prise de rendez vous, Conseil rangement, D\u00e9placement, Visite virtuelle<\/td>\n<\/tr>\n<tr style=\"border: 2px solid #9d7858;\">\n<td style=\"border: 2px solid #9d7858;\">Dur\u00e9e moyenne de<br \/>\nla prestation hors<br \/>\ntemps de<br \/>\nd\u00e9placement<br \/>\nhors montage vid\u00e9o<\/td>\n<td style=\"border: 2px solid #9d7858;\">1 heure pour 50 m\u00b2<\/td>\n<\/tr>\n<tr>\n<td style=\"border: 2px solid #9d7858;\">Mise \u00e0<br \/>\ndisposition de la<br \/>\nprestation<\/td>\n<td style=\"border: 2px solid #9d7858;\">72 heures<\/td>\n<\/tr>\n<tr style=\"border: 2px solid #9d7858;\">\n<td style=\"border: 2px solid #9d7858;\">Liens HTML et<br \/>\nIframe<br \/>\nd'int\u00e9gration<br \/>\nsite web<\/td>\n<td style=\"border: 2px solid #9d7858;\">inclus<\/td>\n<\/tr>\n<tr style=\"border: 2px solid #9d7858;\">\n<td style=\"border: 2px solid #9d7858;\">Prestation<br \/>\nvisible sur tous<br \/>\nnavigateur web<br \/>\net smartphone<\/td>\n<td style=\"border: 2px solid #9d7858;\">oui<\/td>\n<\/tr>\n<tr style=\"border: 2px solid #9d7858;\">\n<td style=\"border: 2px solid #9d7858;\">H\u00e9bergement de la prestation 12 mois<\/td>\n<td style=\"border: 2px solid #9d7858;\">inclus<\/td>\n<\/tr>\n<tr style=\"border: 0;\">\n<td style=\"text-align: center; border: none; color: #9d7858; font-weight: bold;\" colspan=\"7\">Les Options (1)<\/td>\n<\/tr>\n<tr style=\"border: 2px solid #9d7858;\">\n<td style=\"border: 2px solid #9d7858;\">Plan cot\u00e9, 2D et 3D*<\/td>\n<td style=\"border: 2px solid #9d7858;\" colspan=\"6\">39,90 euros T.T.C<\/td>\n<\/tr>\n<tr style=\"border: 2px solid #9d7858;\">\n<td style=\"border: 2px solid #9d7858;\">Version VR<\/td>\n<td style=\"border: 2px solid #9d7858;\" colspan=\"6\">9,90 euros T.T.C<\/td>\n<\/tr>\n<\/tbody>\n<\/table>\n<p>&nbsp;<\/p>\n<table style=\"border: 2px solid #9d7858; border-collapse: collapse; color: #333;\">\n<tbody>\n<tr style=\"border: 0; background: #9d7858; color: #fff;\">\n<td style=\"text-align: center; border: none;\" colspan=\"7\"><strong>PHOTOS<\/strong><\/td>\n<\/tr>\n<td style=\"border: 2px solid #9d7858;\">Prise de photos 360\u00b0 \/ grand angle \/ haute d\u00e9finition ext\u00e9rieur et\/ou int\u00e9rieur<\/td>\n<td style=\"border: 2px solid #9d7858;\" colspan=\"6\">Forfait 149,00 euros T.T.C jusqu'\u00e0 10 photos<br \/>\net 9,90 euros T.T.C la photo suppl\u00e9mentaire<\/td>\n<\/tbody>\n<\/table>\n<p>&nbsp;<\/p>\n<table style=\"border: 2px solid #9d7858; border-collapse: collapse; color: #333;\">\n<tbody>\n<tr style=\"border: 0; background: #9d7858; color: #fff;\">\n<td style=\"text-align: center; border: none;\" colspan=\"7\"><strong>PACK PHOTOS + VISITE VIRTUELLE<\/strong><\/td>\n<\/tr>\n<tr style=\"border: 2px solid #9d7858;\">\n<td style=\"border: 2px solid #9d7858;\"><strong><\/strong><strong>Forfait 249,00 euros T.T.C<\/strong><\/td>\n<\/tr>\n<tr style=\"border: 2px solid #9d7858;\">\n<td style=\"border: 2px solid #9d7858;\">Si + de 50 m\u00b2 : 3,90 euros le m\u00b2 suppl\u00e9mentaire<br \/>\nsi plus de 10 photos, 9,90 euros la photo suppl\u00e9mentaire.\n<\/td>\n<\/tr>\n<\/tbody>\n<\/table>\n<p>&nbsp;<\/p>\n<table style=\"border: 2px solid #9d7858; border-collapse: collapse; color: #333;\">\n<tbody>\n<tr style=\"border: 0; background: #9d7858; color: #fff;\">\n<td style=\"text-align: center; border: none;\" colspan=\"7\"><strong>HOME STAGING VIRTUEL<\/strong><\/td>\n<\/tr>\n<tr style=\"border: 2px solid #9d7858;\">\n<td style=\"border: 2px solid #9d7858;\">Offre 1 : \u00e0 partir d\u2019une photo grand angle r\u00e9alis\u00e9e par nos soins<\/td>\n<td style=\"border: 2px solid #9d7858;\" colspan=\"6\">279,00 euros TTC<\/td>\n<\/tr>\n<tr style=\"border: 2px solid #9d7858;\">\n<td style=\"border: 2px solid #9d7858;\">Offre 2 : \u00e0 partir d'un plan r\u00e9alis\u00e9 par nos soins**<\/td>\n<td style=\"border: 2px solid #9d7858;\" colspan=\"6\">8,90 euros TTC \/ m\u00b2<\/td>\n<\/tr>\n<\/tbody>\n<\/table>\n<p>&nbsp;<\/p>\n<table style=\"border: 2px solid #9d7858; border-collapse: collapse; color: #333;\">\n<tbody>\n<tr style=\"border: 0; background: #9d7858; color: #fff;\">\n<td style=\"text-align: center; border: none;\" colspan=\"7\">D\u00e9placement (2)<\/td>\n<\/tr>\n<tr style=\"border: 2px solid #9d7858;\">\n<td style=\"border: 2px solid #9d7858;\">15 euros TTC + 0,57 centimes du kilom\u00e8tre***<\/td>\n<\/tr>\n<\/tbody>\n<\/table>\n<\/div>\n<\/div><\/div><\/div><div id=\"panel-226-1-0-2\" class=\"so-panel widget widget_sow-button\" data-index=\"3\" ><div style=\"text-align: left;\" data-title-color=\"#443f3f\" data-headings-color=\"#443f3f\" class=\"panel-widget-style panel-widget-style-for-226-1-0-2\" ><div\n\t\t\t\n\t\t\tclass=\"so-widget-sow-button so-widget-sow-button-flat-1a74b00c6af3-226\"\n\t\t\t\n\t\t><div class=\"ow-button-base ow-button-align-center\">\n\t<a\n\thref=\"https:\/\/interieur3d.com\/index.php\/contact\/\"\n\t\tclass=\"ow-icon-placement-left ow-button-hover\" \t>\n\t\t<span>\n\t\t\t<span class=\"sow-icon-fontawesome sow-fas\" data-sow-icon=\"&#xf1ec;\"\n\t\tstyle=\"color: #ffffff\" \n\t\taria-hidden=\"true\"><\/span>\n\t\t\tDemander un devis\t\t<\/span>\n\t<\/a>\n<\/div>\n<\/div><\/div><\/div><div id=\"panel-226-1-0-3\" class=\"so-panel widget widget_sow-editor panel-last-child\" data-index=\"4\" ><div style=\"text-align: left;\" data-title-color=\"#443f3f\" data-headings-color=\"#443f3f\" class=\"panel-widget-style panel-widget-style-for-226-1-0-3\" ><div\n\t\t\t\n\t\t\tclass=\"so-widget-sow-editor so-widget-sow-editor-base\"\n\t\t\t\n\t\t>\n<div class=\"siteorigin-widget-tinymce textwidget\">\n\t<p style=\"font-size: 12px; color: #8a8a8a!important;\">Demander un devis<br \/>\n(*) Les mesures prises et les plans sont approximatifs et ne peuvent pas faire l\u2019objet de documents officiels. Nous vous conseillons de faire appel \u00e0 un professionnel pour une validation du m\u00e9trage<br \/>\npr\u00e9cis de votre bien.<br \/>\n(**) minimum de 30 m\u00b2 hab.<br \/>\n(***) Intervention dans un p\u00e9rim\u00e9tre de 75 kilom\u00e8tres en partant du domicile du collaborateur le plus proche de chez vous.<br \/>\n(1) Merci de nous contacter pour les options lors du devis : Extension abonnement Cloud mensuel \u00e0 l\u2019issu de 12 mois. Visite virtuelle type walkthrough ou diaporama, Export plan 2D, Export mod\u00e8le 3D,<br \/>\nPack Photos, Visite en r\u00e9alit\u00e9 virtuelle augment\u00e9e compatible Gear VR et Oculus Rift.<\/p>\n<p>&nbsp;<\/p>\n<p>&nbsp;<\/p>\n<\/div>\n<\/div><\/div><\/div><\/div><\/div><\/div><\/div>","protected":false},"excerpt":{"rendered":"<p>TARIFICATION DE NOS PRESTATIONS VISITE VIRTUELLE Forfait 149,00 euros jusqu&rsquo;\u00e0 50 m\u00b2 Et 3,90 euros le m\u00b2 suppl\u00e9mentaire Cette prestation comprend : La prise de rendez vous, Conseil rangement, D\u00e9placement, Visite virtuelle Dur\u00e9e moyenne de la prestation hors temps de d\u00e9placement hors montage vid\u00e9o 1 heure pour 50 m\u00b2 Mise \u00e0 disposition de la prestation [&hellip;]<\/p>\n","protected":false},"author":1,"featured_media":0,"parent":0,"menu_order":0,"comment_status":"closed","ping_status":"closed","template":"page-templates\/page_front-page.php","meta":{"_exactmetrics_skip_tracking":false,"_exactmetrics_sitenote_active":false,"_exactmetrics_sitenote_note":"","_exactmetrics_sitenote_category":0,"footnotes":""},"_links":{"self":[{"href":"https:\/\/interieur3d.com\/index.php\/wp-json\/wp\/v2\/pages\/226"}],"collection":[{"href":"https:\/\/interieur3d.com\/index.php\/wp-json\/wp\/v2\/pages"}],"about":[{"href":"https:\/\/interieur3d.com\/index.php\/wp-json\/wp\/v2\/types\/page"}],"author":[{"embeddable":true,"href":"https:\/\/interieur3d.com\/index.php\/wp-json\/wp\/v2\/users\/1"}],"replies":[{"embeddable":true,"href":"https:\/\/interieur3d.com\/index.php\/wp-json\/wp\/v2\/comments?post=226"}],"version-history":[{"count":87,"href":"https:\/\/interieur3d.com\/index.php\/wp-json\/wp\/v2\/pages\/226\/revisions"}],"predecessor-version":[{"id":754,"href":"https:\/\/interieur3d.com\/index.php\/wp-json\/wp\/v2\/pages\/226\/revisions\/754"}],"wp:attachment":[{"href":"https:\/\/interieur3d.com\/index.php\/wp-json\/wp\/v2\/media?parent=226"}],"curies":[{"name":"wp","href":"https:\/\/api.w.org\/{rel}","templated":true}]}}