{"id":25,"date":"2017-06-19T11:29:35","date_gmt":"2017-06-19T09:29:35","guid":{"rendered":"http:\/\/www.versionbeta26.com\/?page_id=25"},"modified":"2017-08-25T14:32:07","modified_gmt":"2017-08-25T12:32:07","slug":"pour-qui","status":"publish","type":"page","link":"https:\/\/interieur3d.com\/index.php\/pour-qui\/","title":{"rendered":"Pour qui ?"},"content":{"rendered":"<div id=\"pl-25\"  class=\"panel-layout\" ><div id=\"pg-25-0\"  class=\"panel-grid panel-has-style\" ><div style=\"padding: 20px 0; \" data-overlay=\"true\" data-overlay-color=\"#000000\" class=\"panel-row-style panel-row-style-for-25-0\" ><div id=\"pgc-25-0-0\"  class=\"panel-grid-cell\" ><div id=\"panel-25-0-0-0\" class=\"so-panel widget widget_sow-editor panel-first-child panel-last-child\" data-index=\"0\" ><div style=\"text-align: left;\" data-title-color=\"#443f3f\" data-headings-color=\"#443f3f\" class=\"panel-widget-style panel-widget-style-for-25-0-0-0\" ><div\n\t\t\t\n\t\t\tclass=\"so-widget-sow-editor so-widget-sow-editor-base\"\n\t\t\t\n\t\t>\n<div class=\"siteorigin-widget-tinymce textwidget\">\n\t<p style=\"font-size: 38px; font-weight: bold; color: #9d7858 !important; text-align: center;\">VALORISEZ VOS ESPACES DE PRESENTATION<\/p>\n<p style=\"font-size: 38px; font-weight: bold; color: #9d7858 !important; text-align: center;\">avec une visite int\u00e9rieur 3D virtuelle haute r\u00e9solution !<\/p>\n<p style=\"text-align: center; font-size: 28px;\">Ajoutez des plans c\u00f4t\u00e9s, 2D, 3D, des vues ext\u00e9rieures \u00e0 360\u00b0, de la r\u00e9alit\u00e9 virtuelle, du home staging virtuel et obtenez plus de<\/p>\n<\/div>\n<\/div><\/div><\/div><\/div><\/div><\/div><div id=\"pg-25-1\"  class=\"panel-grid panel-has-style\" ><div class=\"siteorigin-panels-stretch panel-row-style panel-row-style-for-25-1\" style=\"padding: 3% 0; \" data-stretch-type=\"full\" data-overlay=\"true\" data-overlay-color=\"#000000\" ><div id=\"pgc-25-1-0\"  class=\"panel-grid-cell\" ><div id=\"panel-25-1-0-0\" class=\"so-panel widget widget_sow-editor panel-first-child panel-last-child\" data-index=\"1\" ><div style=\"text-align: left;\" data-title-color=\"#443f3f\" data-headings-color=\"#443f3f\" class=\"panel-widget-style panel-widget-style-for-25-1-0-0\" ><div\n\t\t\t\n\t\t\tclass=\"so-widget-sow-editor so-widget-sow-editor-base\"\n\t\t\t\n\t\t>\n<div class=\"siteorigin-widget-tinymce textwidget\">\n\t<p><img loading=\"lazy\" decoding=\"async\" class=\"aligncenter wp-image-312 size-full\" src=\"https:\/\/interieur3d.com\/wp-content\/uploads\/2017\/06\/pict-diffusion.png\" alt=\"\" width=\"84\" height=\"81\" \/><\/p>\n<p style=\"font-size: 18px; font-weight: bold; color: #9d7858 !important; text-align: center; text-transform: uppercase;\">Diffusion<\/p>\n<\/div>\n<\/div><\/div><\/div><\/div><div id=\"pgc-25-1-1\"  class=\"panel-grid-cell\" ><div id=\"panel-25-1-1-0\" class=\"so-panel widget widget_sow-editor panel-first-child panel-last-child\" data-index=\"2\" ><div style=\"text-align: left;\" data-title-color=\"#443f3f\" data-headings-color=\"#443f3f\" class=\"panel-widget-style panel-widget-style-for-25-1-1-0\" ><div\n\t\t\t\n\t\t\tclass=\"so-widget-sow-editor so-widget-sow-editor-base\"\n\t\t\t\n\t\t>\n<div class=\"siteorigin-widget-tinymce textwidget\">\n\t<p><img loading=\"lazy\" decoding=\"async\" class=\"size-full wp-image-319 aligncenter\" src=\"https:\/\/interieur3d.com\/wp-content\/uploads\/2017\/06\/pict-vue.png\" alt=\"\" width=\"84\" height=\"81\" \/><\/p>\n<p style=\"font-size: 18px; font-weight: bold; color: #9d7858 !important; text-align: center; text-transform: uppercase;\">Vues<\/p>\n<\/div>\n<\/div><\/div><\/div><\/div><div id=\"pgc-25-1-2\"  class=\"panel-grid-cell\" ><div id=\"panel-25-1-2-0\" class=\"so-panel widget widget_sow-editor panel-first-child panel-last-child\" data-index=\"3\" ><div style=\"text-align: left;\" data-title-color=\"#443f3f\" data-headings-color=\"#443f3f\" class=\"panel-widget-style panel-widget-style-for-25-1-2-0\" ><div\n\t\t\t\n\t\t\tclass=\"so-widget-sow-editor so-widget-sow-editor-base\"\n\t\t\t\n\t\t>\n<div class=\"siteorigin-widget-tinymce textwidget\">\n\t<p><img loading=\"lazy\" decoding=\"async\" class=\"size-full wp-image-316 aligncenter\" src=\"https:\/\/interieur3d.com\/wp-content\/uploads\/2017\/06\/pict-partage.png\" alt=\"\" width=\"84\" height=\"81\" \/><\/p>\n<p style=\"font-size: 18px; font-weight: bold; color: #9d7858 !important; text-align: center; text-transform: uppercase;\">Partages<\/p>\n<\/div>\n<\/div><\/div><\/div><\/div><div id=\"pgc-25-1-3\"  class=\"panel-grid-cell\" ><div id=\"panel-25-1-3-0\" class=\"so-panel widget widget_sow-editor panel-first-child panel-last-child\" data-index=\"4\" ><div style=\"text-align: left;\" data-title-color=\"#443f3f\" data-headings-color=\"#443f3f\" class=\"panel-widget-style panel-widget-style-for-25-1-3-0\" ><div\n\t\t\t\n\t\t\tclass=\"so-widget-sow-editor so-widget-sow-editor-base\"\n\t\t\t\n\t\t>\n<div class=\"siteorigin-widget-tinymce textwidget\">\n\t<p><img loading=\"lazy\" decoding=\"async\" class=\"size-full wp-image-314 aligncenter\" src=\"https:\/\/interieur3d.com\/wp-content\/uploads\/2017\/06\/pict-like.png\" alt=\"\" width=\"84\" height=\"81\" \/><\/p>\n<p style=\"font-size: 18px; font-weight: bold; color: #9d7858 !important; text-align: center; text-transform: uppercase;\">Like<\/p>\n<\/div>\n<\/div><\/div><\/div><\/div><div id=\"pgc-25-1-4\"  class=\"panel-grid-cell\" ><div id=\"panel-25-1-4-0\" class=\"so-panel widget widget_sow-editor panel-first-child panel-last-child\" data-index=\"5\" ><div style=\"text-align: left;\" data-title-color=\"#443f3f\" data-headings-color=\"#443f3f\" class=\"panel-widget-style panel-widget-style-for-25-1-4-0\" ><div\n\t\t\t\n\t\t\tclass=\"so-widget-sow-editor so-widget-sow-editor-base\"\n\t\t\t\n\t\t>\n<div class=\"siteorigin-widget-tinymce textwidget\">\n\t<p><img loading=\"lazy\" decoding=\"async\" class=\"size-full wp-image-317 aligncenter\" src=\"https:\/\/interieur3d.com\/wp-content\/uploads\/2017\/06\/pict-sourire.png\" alt=\"\" width=\"84\" height=\"81\" \/><\/p>\n<p style=\"font-size: 18px; font-weight: bold; color: #9d7858 !important; text-align: center; text-transform: uppercase;\">Sourires<\/p>\n<\/div>\n<\/div><\/div><\/div><\/div><\/div><\/div><div id=\"pg-25-2\"  class=\"panel-grid panel-has-style\" ><div style=\"padding: 100px 0; \" data-overlay=\"true\" data-overlay-color=\"#000000\" class=\"panel-row-style panel-row-style-for-25-2\" ><div id=\"pgc-25-2-0\"  class=\"panel-grid-cell\" ><div id=\"panel-25-2-0-0\" class=\"so-panel widget widget_sow-editor panel-first-child panel-last-child\" data-index=\"6\" ><div style=\"text-align: left;\" data-title-color=\"#443f3f\" data-headings-color=\"#443f3f\" class=\"panel-widget-style panel-widget-style-for-25-2-0-0\" ><div\n\t\t\t\n\t\t\tclass=\"so-widget-sow-editor so-widget-sow-editor-base\"\n\t\t\t\n\t\t>\n<div class=\"siteorigin-widget-tinymce textwidget\">\n\t<p><img loading=\"lazy\" decoding=\"async\" class=\"size-full wp-image-315 aligncenter\" src=\"https:\/\/interieur3d.com\/wp-content\/uploads\/2017\/06\/pict-notoriete.png\" alt=\"\" width=\"84\" height=\"81\" \/><\/p>\n<p style=\"font-size: 18px; font-weight: bold; color: #9d7858 !important; text-align: center; text-transform: uppercase;\">Notori\u00e9t\u00e9<\/p>\n<\/div>\n<\/div><\/div><\/div><\/div><div id=\"pgc-25-2-1\"  class=\"panel-grid-cell\" ><div id=\"panel-25-2-1-0\" class=\"so-panel widget widget_sow-editor panel-first-child panel-last-child\" data-index=\"7\" ><div style=\"text-align: left;\" data-title-color=\"#443f3f\" data-headings-color=\"#443f3f\" class=\"panel-widget-style panel-widget-style-for-25-2-1-0\" ><div\n\t\t\t\n\t\t\tclass=\"so-widget-sow-editor so-widget-sow-editor-base\"\n\t\t\t\n\t\t>\n<div class=\"siteorigin-widget-tinymce textwidget\">\n\t<p><img loading=\"lazy\" decoding=\"async\" class=\"size-full wp-image-311 aligncenter\" src=\"https:\/\/interieur3d.com\/wp-content\/uploads\/2017\/06\/pict-ca.png\" alt=\"\" width=\"84\" height=\"81\" \/><\/p>\n<p style=\"font-size: 18px; font-weight: bold; color: #9d7858 !important; text-align: center; text-transform: uppercase;\">Chiffre d'affaires<\/p>\n<\/div>\n<\/div><\/div><\/div><\/div><div id=\"pgc-25-2-2\"  class=\"panel-grid-cell\" ><div id=\"panel-25-2-2-0\" class=\"so-panel widget widget_sow-editor panel-first-child panel-last-child\" data-index=\"8\" ><div style=\"text-align: left;\" data-title-color=\"#443f3f\" data-headings-color=\"#443f3f\" class=\"panel-widget-style panel-widget-style-for-25-2-2-0\" ><div\n\t\t\t\n\t\t\tclass=\"so-widget-sow-editor so-widget-sow-editor-base\"\n\t\t\t\n\t\t>\n<div class=\"siteorigin-widget-tinymce textwidget\">\n\t<p><img loading=\"lazy\" decoding=\"async\" class=\"size-full wp-image-318 aligncenter\" src=\"https:\/\/interieur3d.com\/wp-content\/uploads\/2017\/06\/pict-temps.png\" alt=\"\" width=\"84\" height=\"81\" \/><\/p>\n<p style=\"font-size: 18px; font-weight: bold; color: #9d7858 !important; text-align: center; text-transform: uppercase;\">Temps<\/p>\n<\/div>\n<\/div><\/div><\/div><\/div><div id=\"pgc-25-2-3\"  class=\"panel-grid-cell\" ><div id=\"panel-25-2-3-0\" class=\"so-panel widget widget_sow-editor panel-first-child panel-last-child\" data-index=\"9\" ><div style=\"text-align: left;\" data-title-color=\"#443f3f\" data-headings-color=\"#443f3f\" class=\"panel-widget-style panel-widget-style-for-25-2-3-0\" ><div\n\t\t\t\n\t\t\tclass=\"so-widget-sow-editor so-widget-sow-editor-base\"\n\t\t\t\n\t\t>\n<div class=\"siteorigin-widget-tinymce textwidget\">\n\t<p><img loading=\"lazy\" decoding=\"async\" class=\"size-full wp-image-313 aligncenter\" src=\"https:\/\/interieur3d.com\/wp-content\/uploads\/2017\/06\/pict-gain.png\" alt=\"\" width=\"84\" height=\"81\" \/><\/p>\n<p style=\"font-size: 18px; font-weight: bold; color: #9d7858 !important; text-align: center; text-transform: uppercase;\">Gains<\/p>\n<\/div>\n<\/div><\/div><\/div><\/div><\/div><\/div><\/div>","protected":false},"excerpt":{"rendered":"<p>VALORISEZ VOS ESPACES DE PRESENTATION avec une visite int\u00e9rieur 3D virtuelle haute r\u00e9solution ! Ajoutez des plans c\u00f4t\u00e9s, 2D, 3D, des vues ext\u00e9rieures \u00e0 360\u00b0, de la r\u00e9alit\u00e9 virtuelle, du home staging virtuel et obtenez plus de Diffusion Vues Partages Like Sourires<\/p>\n","protected":false},"author":1,"featured_media":0,"parent":0,"menu_order":0,"comment_status":"closed","ping_status":"closed","template":"page-templates\/page_fullwidth.php","meta":{"_exactmetrics_skip_tracking":false,"_exactmetrics_sitenote_active":false,"_exactmetrics_sitenote_note":"","_exactmetrics_sitenote_category":0,"footnotes":""},"_links":{"self":[{"href":"https:\/\/interieur3d.com\/index.php\/wp-json\/wp\/v2\/pages\/25"}],"collection":[{"href":"https:\/\/interieur3d.com\/index.php\/wp-json\/wp\/v2\/pages"}],"about":[{"href":"https:\/\/interieur3d.com\/index.php\/wp-json\/wp\/v2\/types\/page"}],"author":[{"embeddable":true,"href":"https:\/\/interieur3d.com\/index.php\/wp-json\/wp\/v2\/users\/1"}],"replies":[{"embeddable":true,"href":"https:\/\/interieur3d.com\/index.php\/wp-json\/wp\/v2\/comments?post=25"}],"version-history":[{"count":6,"href":"https:\/\/interieur3d.com\/index.php\/wp-json\/wp\/v2\/pages\/25\/revisions"}],"predecessor-version":[{"id":421,"href":"https:\/\/interieur3d.com\/index.php\/wp-json\/wp\/v2\/pages\/25\/revisions\/421"}],"wp:attachment":[{"href":"https:\/\/interieur3d.com\/index.php\/wp-json\/wp\/v2\/media?parent=25"}],"curies":[{"name":"wp","href":"https:\/\/api.w.org\/{rel}","templated":true}]}}