{"id":37,"date":"2017-06-19T11:32:42","date_gmt":"2017-06-19T09:32:42","guid":{"rendered":"http:\/\/www.versionbeta26.com\/?page_id=37"},"modified":"2017-12-14T16:06:53","modified_gmt":"2017-12-14T15:06:53","slug":"la-technologie","status":"publish","type":"page","link":"https:\/\/interieur3d.com\/index.php\/la-technologie\/","title":{"rendered":"La technologie"},"content":{"rendered":"<div id=\"pl-37\"  class=\"panel-layout\" ><div id=\"pg-37-0\"  class=\"panel-grid panel-has-style\" ><div class=\"bg-header siteorigin-panels-stretch panel-row-style panel-row-style-for-37-0\" style=\"background-image: url(https:\/\/interieur3d.com\/wp-content\/uploads\/2017\/06\/bg-techno.jpg);padding: 3% 0; \" data-stretch-type=\"full\" data-hasbg=\"hasbg\" data-overlay=\"true\" data-overlay-color=\"#9e7858\" ><div id=\"pgc-37-0-0\"  class=\"panel-grid-cell\" ><div id=\"panel-37-0-0-0\" class=\"so-panel widget widget_sow-editor panel-first-child panel-last-child\" data-index=\"0\" ><div style=\"text-align: left;\" data-title-color=\"#443f3f\" data-headings-color=\"#ffffff\" class=\"panel-widget-style panel-widget-style-for-37-0-0-0\" ><div\n\t\t\t\n\t\t\tclass=\"so-widget-sow-editor so-widget-sow-editor-base\"\n\t\t\t\n\t\t>\n<div class=\"siteorigin-widget-tinymce textwidget\">\n\t<h1>Num\u00e9risez un espace<\/h1>\n<h2>Plusieurs positionnements de la cam\u00e9ra-pro, <strong>pi\u00e8ces<\/strong> par pi\u00e8ces, balayage de l\u2019espace...<\/h2>\n<\/div>\n<\/div><\/div><\/div><\/div><\/div><\/div><div id=\"pg-37-1\"  class=\"panel-grid panel-has-style\" ><div class=\"siteorigin-panels-stretch panel-row-style panel-row-style-for-37-1\" style=\"padding: 100px 0; \" data-stretch-type=\"full\" data-overlay=\"true\" data-overlay-color=\"#000000\" ><div id=\"pgc-37-1-0\"  class=\"panel-grid-cell\" ><div id=\"panel-37-1-0-0\" class=\"so-panel widget widget_sow-editor panel-first-child panel-last-child\" data-index=\"1\" ><div style=\"text-align: center;\" data-title-color=\"#443f3f\" data-headings-color=\"#9d7858\" class=\"panel-widget-style panel-widget-style-for-37-1-0-0\" ><div\n\t\t\t\n\t\t\tclass=\"so-widget-sow-editor so-widget-sow-editor-base\"\n\t\t\t\n\t\t>\n<div class=\"siteorigin-widget-tinymce textwidget\">\n\t<p><img loading=\"lazy\" decoding=\"async\" class=\"alignnone size-full wp-image-139\" src=\"https:\/\/interieur3d.com\/wp-content\/uploads\/2017\/06\/square-targeting-interface-symbol.png\" alt=\"\" width=\"128\" height=\"128\" \/><\/p>\n<p>\u00a0<\/p>\n<p style=\"color: #9d7858!important; font-size: 22px; font-weight: bold;\">Num\u00e9risez un espace<\/p>\n<p>Plusieurs positionnement de la cam\u00e9ra-pro, par pi\u00e8ces, balayage de l\u2019espace, num\u00e9risation rapide et enti\u00e8rement automatis\u00e9e pour des r\u00e9sultats r\u00e9alistes.<\/p>\n<\/div>\n<\/div><\/div><\/div><\/div><div id=\"pgc-37-1-1\"  class=\"panel-grid-cell\" ><div id=\"panel-37-1-1-0\" class=\"so-panel widget widget_sow-editor panel-first-child panel-last-child\" data-index=\"2\" ><div style=\"text-align: center;\" data-title-color=\"#443f3f\" data-headings-color=\"#443f3f\" class=\"panel-widget-style panel-widget-style-for-37-1-1-0\" ><div\n\t\t\t\n\t\t\tclass=\"so-widget-sow-editor so-widget-sow-editor-base\"\n\t\t\t\n\t\t>\n<div class=\"siteorigin-widget-tinymce textwidget\">\n\t<p><img loading=\"lazy\" decoding=\"async\" class=\"alignnone size-full wp-image-140\" src=\"https:\/\/interieur3d.com\/wp-content\/uploads\/2017\/06\/cloud-computing.png\" alt=\"\" width=\"128\" height=\"128\" \/><\/p>\n<p>&nbsp;<\/p>\n<p style=\"color: #9d7858!important; font-size: 22px; font-weight: bold;\">Upload - Cloud<\/p>\n<p>Envoi des num\u00e9risation dans le \u00abCloud\u00bb o\u00f9 des algorithmes puissants r\u00e9alisent le traitement des donn\u00e9es de l\u2019int\u00e9rieur 3D en un espace immersif. En quelques heures un lien est g\u00e9n\u00e9r\u00e9 et peut-\u00eatre accessible de tout navigateur.<\/p>\n<\/div>\n<\/div><\/div><\/div><\/div><div id=\"pgc-37-1-2\"  class=\"panel-grid-cell\" ><div id=\"panel-37-1-2-0\" class=\"so-panel widget widget_sow-editor panel-first-child panel-last-child\" data-index=\"3\" ><div style=\"text-align: center;\" data-title-color=\"#443f3f\" data-headings-color=\"#443f3f\" class=\"panel-widget-style panel-widget-style-for-37-1-2-0\" ><div\n\t\t\t\n\t\t\tclass=\"so-widget-sow-editor so-widget-sow-editor-base\"\n\t\t\t\n\t\t>\n<div class=\"siteorigin-widget-tinymce textwidget\">\n\t<p><img loading=\"lazy\" decoding=\"async\" class=\"alignnone size-full wp-image-141\" src=\"https:\/\/interieur3d.com\/wp-content\/uploads\/2017\/06\/settings.png\" alt=\"\" width=\"128\" height=\"128\" \/><\/p>\n<p>&nbsp;<\/p>\n<p style=\"color: #9d7858!important; font-size: 22px; font-weight: bold;\">L\u2019Atelier<\/p>\n<p>Retour du cloud, export de photos grand angle, positionnement de la vue \u00e0 360\u00b0 Cr\u00e9ation de la visite virtuelle guid\u00e9e, des plans c\u00f4t\u00e9s, 2D et 3D, r\u00e9alisation du descriptif.<\/p>\n<\/div>\n<\/div><\/div><\/div><\/div><div id=\"pgc-37-1-3\"  class=\"panel-grid-cell\" ><div id=\"panel-37-1-3-0\" class=\"so-panel widget widget_sow-editor panel-first-child panel-last-child\" data-index=\"4\" ><div style=\"text-align: center;\" data-title-color=\"#443f3f\" data-headings-color=\"#443f3f\" class=\"panel-widget-style panel-widget-style-for-37-1-3-0\" ><div\n\t\t\t\n\t\t\tclass=\"so-widget-sow-editor so-widget-sow-editor-base\"\n\t\t\t\n\t\t>\n<div class=\"siteorigin-widget-tinymce textwidget\">\n\t<p><img loading=\"lazy\" decoding=\"async\" class=\"alignnone size-full wp-image-142\" src=\"https:\/\/interieur3d.com\/wp-content\/uploads\/2017\/06\/realite-virtuelle.png\" alt=\"\" width=\"128\" height=\"128\" \/><\/p>\n<p>&nbsp;<\/p>\n<p style=\"color: #9d7858!important; font-size: 22px; font-weight: bold;\">Diffusion - Partage<\/p>\n<p>La visite virtuelle 3D Haute r\u00e9solution est r\u00e9alis\u00e9e, le lien est disponible pour l\u2019int\u00e9grer dans un site-web, la vid\u00e9o est accessible sur PC, tablette et mobile.<\/p>\n<\/div>\n<\/div><\/div><\/div><\/div><\/div><\/div><\/div>","protected":false},"excerpt":{"rendered":"<p>Num\u00e9risez un espace Plusieurs positionnements de la cam\u00e9ra-pro, pi\u00e8ces par pi\u00e8ces, balayage de l\u2019espace&#8230; \u00a0 Num\u00e9risez un espace Plusieurs positionnement de la cam\u00e9ra-pro, par pi\u00e8ces, balayage de l\u2019espace, num\u00e9risation rapide et enti\u00e8rement automatis\u00e9e pour des r\u00e9sultats r\u00e9alistes. &nbsp; Upload &#8211; Cloud Envoi des num\u00e9risation dans le \u00abCloud\u00bb o\u00f9 des algorithmes puissants r\u00e9alisent le traitement des [&hellip;]<\/p>\n","protected":false},"author":1,"featured_media":0,"parent":0,"menu_order":0,"comment_status":"closed","ping_status":"closed","template":"page-templates\/page_front-page.php","meta":{"_exactmetrics_skip_tracking":false,"_exactmetrics_sitenote_active":false,"_exactmetrics_sitenote_note":"","_exactmetrics_sitenote_category":0,"footnotes":""},"_links":{"self":[{"href":"https:\/\/interieur3d.com\/index.php\/wp-json\/wp\/v2\/pages\/37"}],"collection":[{"href":"https:\/\/interieur3d.com\/index.php\/wp-json\/wp\/v2\/pages"}],"about":[{"href":"https:\/\/interieur3d.com\/index.php\/wp-json\/wp\/v2\/types\/page"}],"author":[{"embeddable":true,"href":"https:\/\/interieur3d.com\/index.php\/wp-json\/wp\/v2\/users\/1"}],"replies":[{"embeddable":true,"href":"https:\/\/interieur3d.com\/index.php\/wp-json\/wp\/v2\/comments?post=37"}],"version-history":[{"count":19,"href":"https:\/\/interieur3d.com\/index.php\/wp-json\/wp\/v2\/pages\/37\/revisions"}],"predecessor-version":[{"id":430,"href":"https:\/\/interieur3d.com\/index.php\/wp-json\/wp\/v2\/pages\/37\/revisions\/430"}],"wp:attachment":[{"href":"https:\/\/interieur3d.com\/index.php\/wp-json\/wp\/v2\/media?parent=37"}],"curies":[{"name":"wp","href":"https:\/\/api.w.org\/{rel}","templated":true}]}}