{"id":40,"date":"2017-06-19T11:33:02","date_gmt":"2017-06-19T09:33:02","guid":{"rendered":"http:\/\/www.versionbeta26.com\/?page_id=40"},"modified":"2017-12-15T11:30:38","modified_gmt":"2017-12-15T10:30:38","slug":"nous-recrutons","status":"publish","type":"page","link":"https:\/\/interieur3d.com\/index.php\/nous-recrutons\/","title":{"rendered":"Nous recrutons"},"content":{"rendered":"<div id=\"pl-40\"  class=\"panel-layout\" ><div id=\"pg-40-0\"  class=\"panel-grid panel-has-style\" ><div class=\"bg-header siteorigin-panels-stretch panel-row-style panel-row-style-for-40-0\" style=\"background-image: url(https:\/\/interieur3d.com\/wp-content\/uploads\/2017\/06\/Fotolia_128038418_L.jpg);padding: 3% 0; \" data-stretch-type=\"full\" data-hasbg=\"hasbg\" data-overlay=\"true\" data-overlay-color=\"#9e7858\" ><div id=\"pgc-40-0-0\"  class=\"panel-grid-cell\" ><div id=\"panel-40-0-0-0\" class=\"so-panel widget widget_sow-editor panel-first-child panel-last-child\" data-index=\"0\" ><div style=\"text-align: left;\" data-title-color=\"#443f3f\" data-headings-color=\"#ffffff\" class=\"panel-widget-style panel-widget-style-for-40-0-0-0\" ><div\n\t\t\t\n\t\t\tclass=\"so-widget-sow-editor so-widget-sow-editor-base\"\n\t\t\t\n\t\t>\n<div class=\"siteorigin-widget-tinymce textwidget\">\n\t<h1>NOUS ALLONS CAPTURER LE MONDE ENSEMBLE.<\/h1>\n<h2>Que vous soyez un entrepreneur \u00e0 la recherche d\u2019une nouvelle entreprise, un photographe, un cr\u00e9ateur d\u2019entreprise, un ind\u00e9pendant, un mandataire, un commercial, un technicien, nous vous donnons la possibilit\u00e9 de devenir Partenaire Interieur 3D pour un faible investissement initial , une formation simple et courte.<\/h2>\n<\/div>\n<\/div><\/div><\/div><\/div><\/div><\/div><div id=\"pg-40-1\"  class=\"panel-grid panel-has-style\" ><div style=\"padding: 20px 0; \" data-overlay=\"true\" data-overlay-color=\"#000000\" class=\"panel-row-style panel-row-style-for-40-1\" ><div id=\"pgc-40-1-0\"  class=\"panel-grid-cell\" ><div id=\"panel-40-1-0-0\" class=\"so-panel widget widget_sow-editor panel-first-child panel-last-child\" data-index=\"1\" ><div style=\"text-align: left;\" data-title-color=\"#443f3f\" data-headings-color=\"#443f3f\" class=\"panel-widget-style panel-widget-style-for-40-1-0-0\" ><div\n\t\t\t\n\t\t\tclass=\"so-widget-sow-editor so-widget-sow-editor-base\"\n\t\t\t\n\t\t>\n<div class=\"siteorigin-widget-tinymce textwidget\">\n\t<p><span style=\"font-size: 18pt;\">Etre partenaire Int\u00e9rieur 3D c\u2019est b\u00e9n\u00e9ficier des demandes de prestations que nous recevons dans votre secteur, suite \u00e0 notre communication. OUI ! Vous avez bien compris, nos clients sont vos clients !<\/span><\/p>\n<\/div>\n<\/div><\/div><\/div><\/div><\/div><\/div><div id=\"pg-40-2\"  class=\"panel-grid panel-has-style\" ><div class=\"siteorigin-panels-stretch panel-row-style panel-row-style-for-40-2\" style=\"text-align: center;padding: 40px 0; \" data-stretch-type=\"full\" data-overlay-color=\"#000000\" ><div id=\"pgc-40-2-0\"  class=\"panel-grid-cell\" ><div id=\"panel-40-2-0-0\" class=\"so-panel widget widget_sow-editor panel-first-child panel-last-child\" data-index=\"2\" ><div style=\"text-align: center;\" data-title-color=\"#443f3f\" data-headings-color=\"#443f3f\" class=\"panel-widget-style panel-widget-style-for-40-2-0-0\" ><div\n\t\t\t\n\t\t\tclass=\"so-widget-sow-editor so-widget-sow-editor-base\"\n\t\t\t\n\t\t>\n<div class=\"siteorigin-widget-tinymce textwidget\">\n\t<p style=\"text-align: center;font-size:18px\"><span style=\"color: #9e7959;\">VOUS VOULEZ UNE ENTREPRISE \u00c0 FORTE CROISSANCE ?<\/span><\/p>\n<p style=\"text-align: center;font-size:18px\">La demande pour la num\u00e9risation 3D a augment\u00e9 de 400% en douze mois. Vous serez l\u00e0 pour r\u00e9pondre \u00e0 la demande des clients en hausse.<\/p>\n<\/div>\n<\/div><\/div><\/div><\/div><div id=\"pgc-40-2-1\"  class=\"panel-grid-cell\" ><div id=\"panel-40-2-1-0\" class=\"so-panel widget widget_sow-editor panel-first-child panel-last-child\" data-index=\"3\" ><div style=\"text-align: center;\" data-title-color=\"#443f3f\" data-headings-color=\"#443f3f\" class=\"panel-widget-style panel-widget-style-for-40-2-1-0\" ><div\n\t\t\t\n\t\t\tclass=\"so-widget-sow-editor so-widget-sow-editor-base\"\n\t\t\t\n\t\t>\n<div class=\"siteorigin-widget-tinymce textwidget\">\n\t<p style=\"text-align: center;font-size:18px\"><span style=\"color: #9e7959;\">CREEZ VOTRE JOB<\/span><\/p>\n<p style=\"text-align: center;font-size:18px\">Soyez votre propre patron,<br \/>\nfixer vos horaires, gagner votre vie<br \/>\nPour un faible investissement (mat\u00e9riel et formation)<br \/>\nvous serez sur le chemin de la r\u00e9ussite !<\/p>\n<\/div>\n<\/div><\/div><\/div><\/div><div id=\"pgc-40-2-2\"  class=\"panel-grid-cell\" ><div id=\"panel-40-2-2-0\" class=\"so-panel widget widget_sow-editor panel-first-child panel-last-child\" data-index=\"4\" ><div style=\"text-align: center;\" data-title-color=\"#443f3f\" data-headings-color=\"#443f3f\" class=\"panel-widget-style panel-widget-style-for-40-2-2-0\" ><div\n\t\t\t\n\t\t\tclass=\"so-widget-sow-editor so-widget-sow-editor-base\"\n\t\t\t\n\t\t>\n<div class=\"siteorigin-widget-tinymce textwidget\">\n\t<p style=\"text-align: center;font-size:18px\"><span style=\"color: #9e7959;\">UNE FORMATION COURTE ET SIMPLE<\/span><\/p>\n<p style=\"text-align: center;font-size:18px\">La num\u00e9risation est facile \u00e0 apprendre<br \/>\nen quelques heures seulement !<br \/>\nLa gestion de l\u2019atelier est simple,<br \/>\n2 projets r\u00e9alis\u00e9s permettent de maitriser l\u2019outil<br \/>\nDur\u00e9e de la formation = 2 jours !<\/p>\n<\/div>\n<\/div><\/div><\/div><\/div><\/div><\/div><\/div>","protected":false},"excerpt":{"rendered":"<p>NOUS ALLONS CAPTURER LE MONDE ENSEMBLE.Que vous soyez un entrepreneur \u00e0 la recherche d\u2019une nouvelle entreprise, un photographe, un cr\u00e9ateur d\u2019entreprise, un ind\u00e9pendant, un mandataire, un commercial, un technicien, nous vous donnons la possibilit\u00e9 de devenir Partenaire Interieur 3D pour un faible investissement initial , une formation simple et courte. Etre partenaire Int\u00e9rieur 3D c\u2019est [&hellip;]<\/p>\n","protected":false},"author":1,"featured_media":0,"parent":0,"menu_order":0,"comment_status":"closed","ping_status":"closed","template":"page-templates\/page_front-page.php","meta":{"_exactmetrics_skip_tracking":false,"_exactmetrics_sitenote_active":false,"_exactmetrics_sitenote_note":"","_exactmetrics_sitenote_category":0,"footnotes":""},"_links":{"self":[{"href":"https:\/\/interieur3d.com\/index.php\/wp-json\/wp\/v2\/pages\/40"}],"collection":[{"href":"https:\/\/interieur3d.com\/index.php\/wp-json\/wp\/v2\/pages"}],"about":[{"href":"https:\/\/interieur3d.com\/index.php\/wp-json\/wp\/v2\/types\/page"}],"author":[{"embeddable":true,"href":"https:\/\/interieur3d.com\/index.php\/wp-json\/wp\/v2\/users\/1"}],"replies":[{"embeddable":true,"href":"https:\/\/interieur3d.com\/index.php\/wp-json\/wp\/v2\/comments?post=40"}],"version-history":[{"count":16,"href":"https:\/\/interieur3d.com\/index.php\/wp-json\/wp\/v2\/pages\/40\/revisions"}],"predecessor-version":[{"id":207,"href":"https:\/\/interieur3d.com\/index.php\/wp-json\/wp\/v2\/pages\/40\/revisions\/207"}],"wp:attachment":[{"href":"https:\/\/interieur3d.com\/index.php\/wp-json\/wp\/v2\/media?parent=40"}],"curies":[{"name":"wp","href":"https:\/\/api.w.org\/{rel}","templated":true}]}}