{"id":51,"date":"2017-06-19T14:55:01","date_gmt":"2017-06-19T12:55:01","guid":{"rendered":"http:\/\/www.versionbeta26.com\/?page_id=51"},"modified":"2020-01-14T15:24:41","modified_gmt":"2020-01-14T14:24:41","slug":"accueil","status":"publish","type":"page","link":"https:\/\/interieur3d.com\/","title":{"rendered":"Accueil"},"content":{"rendered":"<div id=\"pl-51\"  class=\"panel-layout\" ><div id=\"pg-51-0\"  class=\"panel-grid panel-has-style\" ><div class=\"siteorigin-panels-stretch panel-row-style panel-row-style-for-51-0\" style=\"padding: 0px 0; \" data-stretch-type=\"full-stretched\" data-overlay=\"true\" data-overlay-color=\"#000000\" ><div id=\"pgc-51-0-0\"  class=\"panel-grid-cell\" ><div id=\"panel-51-0-0-0\" class=\"so-panel widget widget_sow-editor panel-first-child panel-last-child\" data-index=\"0\" ><div class=\"full-matterport panel-widget-style panel-widget-style-for-51-0-0-0\" style=\"text-align: center;\" data-title-color=\"#443f3f\" data-headings-color=\"#443f3f\" ><div\n\t\t\t\n\t\t\tclass=\"so-widget-sow-editor so-widget-sow-editor-base\"\n\t\t\t\n\t\t>\n<div class=\"siteorigin-widget-tinymce textwidget\">\n\t<div class=\"slogan\">Visitez, comme si vous y \u00e9tiez !<br \/><span>D\u00e9couvrez des espaces virtuels enti\u00e8rement immersifs et cr\u00e9ez l'\u00e9motion !<\/span><\/div>\n<iframe loading=\"lazy\" src=\"https:\/\/my.matterport.com\/show\/?m=Wgm2YXN5u5u&ts=1\" width=\"853\" height=\"480\" frameborder=\"0\" allowfullscreen=\"allowfullscreen\"><\/iframe><\/div>\n<\/div><\/div><\/div><\/div><\/div><\/div><\/div>","protected":false},"excerpt":{"rendered":"<p>Visitez, comme si vous y \u00e9tiez !D\u00e9couvrez des espaces virtuels enti\u00e8rement immersifs et cr\u00e9ez l&rsquo;\u00e9motion !<\/p>\n","protected":false},"author":1,"featured_media":0,"parent":0,"menu_order":0,"comment_status":"closed","ping_status":"closed","template":"page-templates\/page_front-page.php","meta":{"_exactmetrics_skip_tracking":false,"_exactmetrics_sitenote_active":false,"_exactmetrics_sitenote_note":"","_exactmetrics_sitenote_category":0,"footnotes":""},"_links":{"self":[{"href":"https:\/\/interieur3d.com\/index.php\/wp-json\/wp\/v2\/pages\/51"}],"collection":[{"href":"https:\/\/interieur3d.com\/index.php\/wp-json\/wp\/v2\/pages"}],"about":[{"href":"https:\/\/interieur3d.com\/index.php\/wp-json\/wp\/v2\/types\/page"}],"author":[{"embeddable":true,"href":"https:\/\/interieur3d.com\/index.php\/wp-json\/wp\/v2\/users\/1"}],"replies":[{"embeddable":true,"href":"https:\/\/interieur3d.com\/index.php\/wp-json\/wp\/v2\/comments?post=51"}],"version-history":[{"count":51,"href":"https:\/\/interieur3d.com\/index.php\/wp-json\/wp\/v2\/pages\/51\/revisions"}],"predecessor-version":[{"id":800,"href":"https:\/\/interieur3d.com\/index.php\/wp-json\/wp\/v2\/pages\/51\/revisions\/800"}],"wp:attachment":[{"href":"https:\/\/interieur3d.com\/index.php\/wp-json\/wp\/v2\/media?parent=51"}],"curies":[{"name":"wp","href":"https:\/\/api.w.org\/{rel}","templated":true}]}}